{"id":4299,"date":"2025-09-11T11:32:51","date_gmt":"2025-09-11T14:32:51","guid":{"rendered":"https:\/\/www.filmmisiones.iaavim.gob.ar\/?page_id=4299"},"modified":"2025-09-11T11:48:40","modified_gmt":"2025-09-11T14:48:40","slug":"la-chacra-lodge","status":"publish","type":"page","link":"https:\/\/www.filmmisiones.iaavim.gob.ar\/?page_id=4299","title":{"rendered":"La Chacra Lodge"},"content":{"rendered":"<div class=\"wpb-content-wrapper\"><p>[vc_row full_width=\u00bbstretch_row_content\u00bb][vc_column][vc_single_image image=\u00bb4286&#8243; img_size=\u00bbfull\u00bb alignment=\u00bbcenter\u00bb css=\u00bb\u00bb][\/vc_column][\/vc_row][vc_row][vc_column]<style type=\"text\/css\">\r\n\t\t\t\t .vcmp-carousel-1 {\r\n\t\t\t\t\tcolor:#383838;\t\t\t\t\t \r\n\t\t\t\t }\r\n\t\t\t\t .vcmp-carousel-1 h1 {\r\n\t\t\t\t\tfont-size: !important;\r\n\t\t\t\t }\r\n\t\t\t\t .vcmp-carousel-1 a {\r\n\t\t\t\t\tcolor:#383838;\r\n\t\t\t\t }\r\n\t\t\t\t .vcmp-carousel-1 a:hover {\r\n\t\t\t\t\tcolor:#8a8a8a;\r\n\t\t\t\t }\t\t\t\t\t \t\t\t\t \r\n\t\t\t\t .vcmp-carousel-1 .vcmp-item,\r\n\t\t\t\t .vcmp-carousel-1 .vcmp-image-over .adtheme-icon-plus,\r\n\t\t\t\t .vcmp-carousel-1 .vcmp-image-over .adtheme-icon-search,\r\n\t\t\t\t .vcmp-controls ul li {\r\n\t\t\t\t\tbackground:#ffffff;\r\n\t\t\t\t}\r\n\t\t\t\t.vcmp-carousel-1 .vcmp-item:hover .vcmp-image-over {\r\n\t\t\t\t\tbackground:rgba(0,0,0,0.3);\r\n\t\t\t\t}\r\n\t\t\t\t.vcmp-carousel-1 .vcmp-item .vcmp-title {\r\n\t\t\t\t\tbackground:rgba(0,0,0,0.3);\r\n\t\t\t\t\tcolor:#ffffff;\r\n\t\t\t\t}\t\t\t\t\r\n\t\t\t\t.vcmp-carousel-1 .vcmp-pagination a {\r\n\t\t\t\t\tbackground:#ffffff;\r\n\t\t\t\t}\r\n\t\t\t\t.vcmp-carousel-1 .vcmp-item:hover .vcmp-image-over {\r\n\t\t\t\t\tbackground:rgba(0,0,0,0.3);\r\n\t\t\t\t}\r\n\t\t\t\t.vcmp-carousel-1 .vcmp-image-over .adtheme-icon-plus {\r\n\t\t\t\t\tcolor:#383838;\r\n\t\t\t\t}\r\n\t\t\t\t.vcmp-carousel-1 .vcmp-image-over .adtheme-icon-plus {\r\n\t\t\t\t\tborder-color:#383838;\r\n\t\t\t\t}\t\t\t\t\r\n\t\t\t\t.vcmp-carousel-1 .vcmp-image-over .adtheme-icon-plus:hover,\r\n\t\t\t\t.vcmp-carousel-1 .vcmp-image-over .adtheme-icon-search:hover {\r\n\t\t\t\t\tcolor:#8a8a8a;\r\n\t\t\t\t}\r\n\t\t\t\t.vcmp-carousel-1 .owl-item\t{\r\n\t\t\t\t\tpadding:;\r\n\t\t\t\t}\r\n\t\t\t\t.vcmp-carousel.owl-theme .owl-controls .owl-buttons div {\r\n\t\t\t\t\tbackground:rgba(0,0,0,0.3);\r\n\t\t\t\t}<\/style>\r\n\t\t\t<script>\r\n\t\t\tjQuery(document).ready(function($){\r\n      \t\t\t$(\".vcmp-carousel-1\").owlCarousel({\r\n\t\t\t\t\titems : 4,\r\n\t\t\t\t\tautoPlay: false,\r\n\t\t\t\t\tnavigation: true,\r\n\t\t\t\t\tpagination: true,\r\n\t\t\t\t\titemsTablet: [1025,2],\r\n\t\t\t\t\titemsMobile: [479,1],\r\n\t\t\t\t\tnavigationText: ['<i class=\"adtheme-icon-arrow-left\"><\/i>','<i class=\"adtheme-icon-arrow-right\"><\/i>'] \t\t\t\t\r\n\t\t\t\t});\r\n\t\t\t});\r\n\t\t\t<\/script><script type=\"text\/javascript\">\t\r\n\t\t\t\t\t\t\t\tjQuery(document).ready(function($){\r\n\t\t\t\t\t\t\t\t\t$('.vcmp-carousel-1 .vcmp-zoom-image').magnificPopup({\r\n\t\t\t\t\t\t\t\t\t\ttype: 'image',\r\n\t\t\t\t\t\t\t\t\t\t\tgallery:{\r\n\t\t\t\t\t\t\t\t\t\t\t\tenabled:true\r\n\t\t\t\t\t\t\t\t\t\t\t}\r\n\t\t\t\t\t\t\t\t\t});\r\n\t\t\t\t\t\t\t\t});\r\n\t\t\t\t\t\t\t<\/script><div class=\"vcmp-carousel vcmp-1 vcmp-carousel-style1 vcmp-carousel-1 owl-carousel\"><div class=\"vcmp-item\"><div class=\"vcmp-container-thumbs\"><div class=\"vcmp-header-container\"><img decoding=\"async\" src=\"https:\/\/www.filmmisiones.iaavim.gob.ar\/wp-content\/uploads\/2025\/09\/3Cabana-No-1-1200x800.jpg\"><\/div><div class=\"vcmp-image-over\"><a href=\"https:\/\/www.filmmisiones.iaavim.gob.ar\/wp-content\/uploads\/2025\/09\/3Cabana-No-1-1200x800.jpg\" class=\"adtheme-icon-search vcmp-zoom-image\" title=\" \" ><\/a><\/div><\/div><\/div><div class=\"vcmp-item\"><div class=\"vcmp-container-thumbs\"><div class=\"vcmp-header-container\"><img decoding=\"async\" src=\"https:\/\/www.filmmisiones.iaavim.gob.ar\/wp-content\/uploads\/2025\/09\/2Cabana-No-1-1200x800.jpg\"><\/div><div class=\"vcmp-image-over\"><a href=\"https:\/\/www.filmmisiones.iaavim.gob.ar\/wp-content\/uploads\/2025\/09\/2Cabana-No-1-1200x800.jpg\" class=\"adtheme-icon-search vcmp-zoom-image\" title=\" \" ><\/a><\/div><\/div><\/div><div class=\"vcmp-item\"><div class=\"vcmp-container-thumbs\"><div class=\"vcmp-header-container\"><img decoding=\"async\" src=\"https:\/\/www.filmmisiones.iaavim.gob.ar\/wp-content\/uploads\/2025\/09\/4Cabana-No-1-1200x800.jpg\"><\/div><div class=\"vcmp-image-over\"><a href=\"https:\/\/www.filmmisiones.iaavim.gob.ar\/wp-content\/uploads\/2025\/09\/4Cabana-No-1-1200x800.jpg\" class=\"adtheme-icon-search vcmp-zoom-image\" title=\" \" ><\/a><\/div><\/div><\/div><div class=\"vcmp-item\"><div class=\"vcmp-container-thumbs\"><div class=\"vcmp-header-container\"><img decoding=\"async\" src=\"https:\/\/www.filmmisiones.iaavim.gob.ar\/wp-content\/uploads\/2025\/09\/1Cabana-No-1-1200x800.jpg\"><\/div><div class=\"vcmp-image-over\"><a href=\"https:\/\/www.filmmisiones.iaavim.gob.ar\/wp-content\/uploads\/2025\/09\/1Cabana-No-1-1200x800.jpg\" class=\"adtheme-icon-search vcmp-zoom-image\" title=\" \" ><\/a><\/div><\/div><\/div><div class=\"vcmp-item\"><div class=\"vcmp-container-thumbs\"><div class=\"vcmp-header-container\"><img decoding=\"async\" src=\"https:\/\/www.filmmisiones.iaavim.gob.ar\/wp-content\/uploads\/2025\/09\/1Cabana-No-2-1200x800.jpg\"><\/div><div class=\"vcmp-image-over\"><a href=\"https:\/\/www.filmmisiones.iaavim.gob.ar\/wp-content\/uploads\/2025\/09\/1Cabana-No-2-1200x800.jpg\" class=\"adtheme-icon-search vcmp-zoom-image\" title=\" \" ><\/a><\/div><\/div><\/div><div class=\"vcmp-item\"><div class=\"vcmp-container-thumbs\"><div class=\"vcmp-header-container\"><img decoding=\"async\" src=\"https:\/\/www.filmmisiones.iaavim.gob.ar\/wp-content\/uploads\/2025\/09\/2Cabana-No-2-1200x800.jpg\"><\/div><div class=\"vcmp-image-over\"><a href=\"https:\/\/www.filmmisiones.iaavim.gob.ar\/wp-content\/uploads\/2025\/09\/2Cabana-No-2-1200x800.jpg\" class=\"adtheme-icon-search vcmp-zoom-image\" title=\" \" ><\/a><\/div><\/div><\/div><div class=\"vcmp-item\"><div class=\"vcmp-container-thumbs\"><div class=\"vcmp-header-container\"><img decoding=\"async\" src=\"https:\/\/www.filmmisiones.iaavim.gob.ar\/wp-content\/uploads\/2025\/09\/4Cabana-No-2-1200x800.png\"><\/div><div class=\"vcmp-image-over\"><a href=\"https:\/\/www.filmmisiones.iaavim.gob.ar\/wp-content\/uploads\/2025\/09\/4Cabana-No-2-1200x800.png\" class=\"adtheme-icon-search vcmp-zoom-image\" title=\" \" ><\/a><\/div><\/div><\/div><div class=\"vcmp-item\"><div class=\"vcmp-container-thumbs\"><div class=\"vcmp-header-container\"><img decoding=\"async\" src=\"https:\/\/www.filmmisiones.iaavim.gob.ar\/wp-content\/uploads\/2025\/09\/5Cabana-No-2-1200x800.png\"><\/div><div class=\"vcmp-image-over\"><a href=\"https:\/\/www.filmmisiones.iaavim.gob.ar\/wp-content\/uploads\/2025\/09\/5Cabana-No-2-1200x800.png\" class=\"adtheme-icon-search vcmp-zoom-image\" title=\" \" ><\/a><\/div><\/div><\/div><div class=\"vcmp-item\"><div class=\"vcmp-container-thumbs\"><div class=\"vcmp-header-container\"><img decoding=\"async\" src=\"https:\/\/www.filmmisiones.iaavim.gob.ar\/wp-content\/uploads\/2025\/09\/1Cabana-No3-1200x800.jpg\"><\/div><div class=\"vcmp-image-over\"><a href=\"https:\/\/www.filmmisiones.iaavim.gob.ar\/wp-content\/uploads\/2025\/09\/1Cabana-No3-1200x800.jpg\" class=\"adtheme-icon-search vcmp-zoom-image\" title=\" \" ><\/a><\/div><\/div><\/div><div class=\"vcmp-item\"><div class=\"vcmp-container-thumbs\"><div class=\"vcmp-header-container\"><img decoding=\"async\" src=\"https:\/\/www.filmmisiones.iaavim.gob.ar\/wp-content\/uploads\/2025\/09\/2Cabana-No3-1200x800.jpg\"><\/div><div class=\"vcmp-image-over\"><a href=\"https:\/\/www.filmmisiones.iaavim.gob.ar\/wp-content\/uploads\/2025\/09\/2Cabana-No3-1200x800.jpg\" class=\"adtheme-icon-search vcmp-zoom-image\" title=\" \" ><\/a><\/div><\/div><\/div><div class=\"vcmp-item\"><div class=\"vcmp-container-thumbs\"><div class=\"vcmp-header-container\"><img decoding=\"async\" src=\"https:\/\/www.filmmisiones.iaavim.gob.ar\/wp-content\/uploads\/2025\/09\/3Cabana-No3-1200x800.jpg\"><\/div><div class=\"vcmp-image-over\"><a href=\"https:\/\/www.filmmisiones.iaavim.gob.ar\/wp-content\/uploads\/2025\/09\/3Cabana-No3-1200x800.jpg\" class=\"adtheme-icon-search vcmp-zoom-image\" title=\" \" ><\/a><\/div><\/div><\/div><div class=\"vcmp-item\"><div class=\"vcmp-container-thumbs\"><div class=\"vcmp-header-container\"><img decoding=\"async\" src=\"https:\/\/www.filmmisiones.iaavim.gob.ar\/wp-content\/uploads\/2025\/09\/4Cabana-No3-1200x800.jpg\"><\/div><div class=\"vcmp-image-over\"><a href=\"https:\/\/www.filmmisiones.iaavim.gob.ar\/wp-content\/uploads\/2025\/09\/4Cabana-No3-1200x800.jpg\" class=\"adtheme-icon-search vcmp-zoom-image\" title=\" \" ><\/a><\/div><\/div><\/div><div class=\"vcmp-item\"><div class=\"vcmp-container-thumbs\"><div class=\"vcmp-header-container\"><img decoding=\"async\" src=\"https:\/\/www.filmmisiones.iaavim.gob.ar\/wp-content\/uploads\/2025\/09\/5Cabana-No3-1200x800.png\"><\/div><div class=\"vcmp-image-over\"><a href=\"https:\/\/www.filmmisiones.iaavim.gob.ar\/wp-content\/uploads\/2025\/09\/5Cabana-No3-1200x800.png\" class=\"adtheme-icon-search vcmp-zoom-image\" title=\" \" ><\/a><\/div><\/div><\/div><div class=\"vcmp-item\"><div class=\"vcmp-container-thumbs\"><div class=\"vcmp-header-container\"><img decoding=\"async\" src=\"https:\/\/www.filmmisiones.iaavim.gob.ar\/wp-content\/uploads\/2025\/09\/7Cabana-No3-1200x800.png\"><\/div><div class=\"vcmp-image-over\"><a href=\"https:\/\/www.filmmisiones.iaavim.gob.ar\/wp-content\/uploads\/2025\/09\/7Cabana-No3-1200x800.png\" class=\"adtheme-icon-search vcmp-zoom-image\" title=\" \" ><\/a><\/div><\/div><\/div><div class=\"vcmp-item\"><div class=\"vcmp-container-thumbs\"><div class=\"vcmp-header-container\"><img decoding=\"async\" src=\"https:\/\/www.filmmisiones.iaavim.gob.ar\/wp-content\/uploads\/2025\/09\/1Comedor-1200x800.jpg\"><\/div><div class=\"vcmp-image-over\"><a href=\"https:\/\/www.filmmisiones.iaavim.gob.ar\/wp-content\/uploads\/2025\/09\/1Comedor-1200x800.jpg\" class=\"adtheme-icon-search vcmp-zoom-image\" title=\" \" ><\/a><\/div><\/div><\/div><div class=\"vcmp-item\"><div class=\"vcmp-container-thumbs\"><div class=\"vcmp-header-container\"><img decoding=\"async\" src=\"https:\/\/www.filmmisiones.iaavim.gob.ar\/wp-content\/uploads\/2025\/09\/3Comedor-1200x800.png\"><\/div><div class=\"vcmp-image-over\"><a href=\"https:\/\/www.filmmisiones.iaavim.gob.ar\/wp-content\/uploads\/2025\/09\/3Comedor-1200x800.png\" class=\"adtheme-icon-search vcmp-zoom-image\" title=\" \" ><\/a><\/div><\/div><\/div><div class=\"vcmp-item\"><div class=\"vcmp-container-thumbs\"><div class=\"vcmp-header-container\"><img decoding=\"async\" src=\"https:\/\/www.filmmisiones.iaavim.gob.ar\/wp-content\/uploads\/2025\/09\/4Comedor-1200x800.jpg\"><\/div><div class=\"vcmp-image-over\"><a href=\"https:\/\/www.filmmisiones.iaavim.gob.ar\/wp-content\/uploads\/2025\/09\/4Comedor-1200x800.jpg\" class=\"adtheme-icon-search vcmp-zoom-image\" title=\" \" ><\/a><\/div><\/div><\/div><div class=\"vcmp-item\"><div class=\"vcmp-container-thumbs\"><div class=\"vcmp-header-container\"><img decoding=\"async\" src=\"https:\/\/www.filmmisiones.iaavim.gob.ar\/wp-content\/uploads\/2025\/09\/7Comedor-1200x800.png\"><\/div><div class=\"vcmp-image-over\"><a href=\"https:\/\/www.filmmisiones.iaavim.gob.ar\/wp-content\/uploads\/2025\/09\/7Comedor-1200x800.png\" class=\"adtheme-icon-search vcmp-zoom-image\" title=\" \" ><\/a><\/div><\/div><\/div><div class=\"vcmp-item\"><div class=\"vcmp-container-thumbs\"><div class=\"vcmp-header-container\"><img decoding=\"async\" src=\"https:\/\/www.filmmisiones.iaavim.gob.ar\/wp-content\/uploads\/2025\/09\/11Comedor-1200x800.png\"><\/div><div class=\"vcmp-image-over\"><a href=\"https:\/\/www.filmmisiones.iaavim.gob.ar\/wp-content\/uploads\/2025\/09\/11Comedor-1200x800.png\" class=\"adtheme-icon-search vcmp-zoom-image\" title=\" \" ><\/a><\/div><\/div><\/div><div class=\"vcmp-item\"><div class=\"vcmp-container-thumbs\"><div class=\"vcmp-header-container\"><img decoding=\"async\" src=\"https:\/\/www.filmmisiones.iaavim.gob.ar\/wp-content\/uploads\/2025\/09\/1QuinchoPileta-1200x800.jpg\"><\/div><div class=\"vcmp-image-over\"><a href=\"https:\/\/www.filmmisiones.iaavim.gob.ar\/wp-content\/uploads\/2025\/09\/1QuinchoPileta-1200x800.jpg\" class=\"adtheme-icon-search vcmp-zoom-image\" title=\" \" ><\/a><\/div><\/div><\/div><div class=\"vcmp-item\"><div class=\"vcmp-container-thumbs\"><div class=\"vcmp-header-container\"><img decoding=\"async\" src=\"https:\/\/www.filmmisiones.iaavim.gob.ar\/wp-content\/uploads\/2025\/09\/3QuinchoPileta-1200x800.jpg\"><\/div><div class=\"vcmp-image-over\"><a href=\"https:\/\/www.filmmisiones.iaavim.gob.ar\/wp-content\/uploads\/2025\/09\/3QuinchoPileta-1200x800.jpg\" class=\"adtheme-icon-search vcmp-zoom-image\" title=\" \" ><\/a><\/div><\/div><\/div><div class=\"vcmp-item\"><div class=\"vcmp-container-thumbs\"><div class=\"vcmp-header-container\"><img decoding=\"async\" src=\"https:\/\/www.filmmisiones.iaavim.gob.ar\/wp-content\/uploads\/2025\/09\/5QuinchoPileta-1200x800.jpg\"><\/div><div class=\"vcmp-image-over\"><a href=\"https:\/\/www.filmmisiones.iaavim.gob.ar\/wp-content\/uploads\/2025\/09\/5QuinchoPileta-1200x800.jpg\" class=\"adtheme-icon-search vcmp-zoom-image\" title=\" \" ><\/a><\/div><\/div><\/div><div class=\"vcmp-item\"><div class=\"vcmp-container-thumbs\"><div class=\"vcmp-header-container\"><img decoding=\"async\" src=\"https:\/\/www.filmmisiones.iaavim.gob.ar\/wp-content\/uploads\/2025\/09\/8QuinchoPileta-1200x800.png\"><\/div><div class=\"vcmp-image-over\"><a href=\"https:\/\/www.filmmisiones.iaavim.gob.ar\/wp-content\/uploads\/2025\/09\/8QuinchoPileta-1200x800.png\" class=\"adtheme-icon-search vcmp-zoom-image\" title=\" \" ><\/a><\/div><\/div><\/div><div class=\"vcmp-item\"><div class=\"vcmp-container-thumbs\"><div class=\"vcmp-header-container\"><img decoding=\"async\" src=\"https:\/\/www.filmmisiones.iaavim.gob.ar\/wp-content\/uploads\/2025\/09\/9QuinchoPileta-1200x800.png\"><\/div><div class=\"vcmp-image-over\"><a href=\"https:\/\/www.filmmisiones.iaavim.gob.ar\/wp-content\/uploads\/2025\/09\/9QuinchoPileta-1200x800.png\" class=\"adtheme-icon-search vcmp-zoom-image\" title=\" \" ><\/a><\/div><\/div><\/div><\/div>[\/vc_column][\/vc_row][vc_row][vc_column][vc_empty_space][\/vc_column][\/vc_row][vc_row full_width=\u00bbstretch_row\u00bb][vc_column][chase_text_block style=\u00bbstyle3&#8243;]<\/p>\n<p class=\"p1\" style=\"text-align: center;\">Ubicada en un entorno natural privilegiado a 16km de centro de El Soberbio, Misiones, <strong><i>La Chacra Lodge<\/i><\/strong> es un complejo tur\u00edstico ideal para filmaciones que requieran un ambiente selv\u00e1tico, c\u00e1lido y aut\u00e9ntico. Cuenta con tres caba\u00f1as independientes construidas en madera, conectadas por pasarelas elevadas entre \u00e1rboles nativos. Dispone de una piscina con solarium y vistas abiertas al paisaje misionero, un quincho cerrado de estilo r\u00fastico, un restaurante con comedor interior y una galer\u00eda con vista al valle del r\u00edo Uruguay. Todo el predio est\u00e1 cuidadosamente parquizado, con acceso vehicular, \u00e1reas transitable para equipos de filmaci\u00f3n, electricidad, Wi-Fi y estacionamiento. Su combinaci\u00f3n de arquitectura en armon\u00eda con la selva, m\u00faltiples niveles y escenarios naturales lo convierten en una locaci\u00f3n vers\u00e1til para rodajes.<\/p>\n<p>[\/chase_text_block][vc_empty_space height=\u00bb22px\u00bb][\/vc_column][\/vc_row][vc_row][vc_column][chase_text]<\/p>\n<h1 style=\"text-align: center;\">La Chacra Lodge<\/h1>\n<p>[\/chase_text][vc_empty_space height=\u00bb22px\u00bb][\/vc_column][\/vc_row][vc_row][vc_column width=\u00bb1\/4&#8243;][chase_text]<\/p>\n<h4>Municipio:<br \/>\nEl Soberbio<\/h4>\n<p>[\/chase_text][vc_empty_space height=\u00bb22px\u00bb][\/vc_column][vc_column width=\u00bb1\/4&#8243;][chase_text]<\/p>\n<h6><span style=\"font-size: 12pt;\">Sitio web:<\/span><br \/>\n<span style=\"font-size: 12pt;\">&#8212;<\/span><\/h6>\n<p>[\/chase_text][vc_empty_space height=\u00bb22px\u00bb][\/vc_column][vc_column width=\u00bb1\/4&#8243;][chase_text]<\/p>\n<h4>Ciudad:<br \/>\nEl Soberbio<\/h4>\n<p>[\/chase_text][vc_empty_space height=\u00bb22px\u00bb][\/vc_column][vc_column width=\u00bb1\/4&#8243;][chase_text]<\/p>\n<h4>RRSS:<br \/>\nIG: <a href=\"https:\/\/www.instagram.com\/lachacraelsoberbio\/\">@lachacraelsoberbio<\/a><br \/>\nFB: <a href=\"https:\/\/www.facebook.com\/profile.php?id=100054983486043&amp;locale=es_LA\">La Chacra Lodge<\/a><\/h4>\n<p>[\/chase_text][vc_empty_space height=\u00bb22px\u00bb][\/vc_column][\/vc_row][vc_row][vc_column width=\u00bb1\/5&#8243;][vc_single_image image=\u00bb2321&#8243; img_size=\u00bb100&#215;100&#8243; alignment=\u00bbcenter\u00bb css=\u00bb\u00bb][chase_text]<\/p>\n<p style=\"text-align: center;\">Espacio<br \/>\nPrivado<\/p>\n<p>[\/chase_text][\/vc_column][vc_column width=\u00bb1\/5&#8243;][vc_single_image image=\u00bb2316&#8243; img_size=\u00bb100&#215;100&#8243; alignment=\u00bbcenter\u00bb css=\u00bb\u00bb][chase_text]<\/p>\n<p style=\"text-align: center;\">Consulta por<br \/>\nel permiso<\/p>\n<p>[\/chase_text][\/vc_column][vc_column width=\u00bb1\/5&#8243;][vc_single_image image=\u00bb2320&#8243; img_size=\u00bb100&#215;100&#8243; alignment=\u00bbcenter\u00bb css=\u00bb\u00bb][chase_text]<\/p>\n<p style=\"text-align: center;\">Paso<br \/>\nInternacional<\/p>\n<p>[\/chase_text][\/vc_column][vc_column width=\u00bb1\/5&#8243;][vc_single_image image=\u00bb2317&#8243; img_size=\u00bb100&#215;100&#8243; alignment=\u00bbcenter\u00bb css=\u00bb\u00bb][chase_text]<\/p>\n<p style=\"text-align: center;\">Energ\u00eda<br \/>\nEl\u00e9ctrica<\/p>\n<p>[\/chase_text][\/vc_column][vc_column width=\u00bb1\/5&#8243;][vc_single_image image=\u00bb2569&#8243; img_size=\u00bb100&#215;100&#8243; alignment=\u00bbcenter\u00bb css=\u00bb\u00bb][chase_text]<\/p>\n<p style=\"text-align: center;\"><a href=\"https:\/\/misiones.tur.ar\/alojamiento\/\" target=\"_blank\" rel=\"noopener\">Salud<\/a><\/p>\n<p>[\/chase_text][\/vc_column][\/vc_row][vc_row][vc_column width=\u00bb1\/5&#8243;][\/vc_column][vc_column width=\u00bb1\/5&#8243;][vc_single_image image=\u00bb2313&#8243; img_size=\u00bb100&#215;100&#8243; alignment=\u00bbcenter\u00bb css=\u00bb\u00bb][chase_text]<\/p>\n<p style=\"text-align: center;\">Acceso asfaltado<\/p>\n<p>[\/chase_text][\/vc_column][vc_column width=\u00bb1\/5&#8243;][vc_single_image image=\u00bb2308&#8243; img_size=\u00bb100&#215;100&#8243; alignment=\u00bbcenter\u00bb css=\u00bb\u00bb][chase_text]<\/p>\n<p style=\"text-align: center;\">Acceso de tierra<\/p>\n<p>[\/chase_text][\/vc_column][vc_column width=\u00bb1\/5&#8243;][vc_single_image image=\u00bb2459&#8243; img_size=\u00bb100&#215;100&#8243; alignment=\u00bbcenter\u00bb css=\u00bb\u00bb][chase_text]<\/p>\n<p style=\"text-align: center;\"><a href=\"https:\/\/misiones.tur.ar\/alojamiento\/\" target=\"_blank\" rel=\"noopener\">Hoteler\u00eda<\/a><\/p>\n<p>[\/chase_text][\/vc_column][vc_column width=\u00bb1\/5&#8243;][\/vc_column][\/vc_row][vc_row][vc_column width=\u00bb1\/5&#8243;][\/vc_column][vc_column width=\u00bb1\/5&#8243;][\/vc_column][vc_column width=\u00bb1\/5&#8243;][\/vc_column][vc_column width=\u00bb1\/5&#8243;][\/vc_column][vc_column width=\u00bb1\/5&#8243;][\/vc_column][\/vc_row][vc_row][vc_column][vc_empty_space][\/vc_column][\/vc_row][vc_row][vc_column][chase_text]<\/p>\n<h4 style=\"text-align: left;\">Ubicaci\u00f3n<\/h4>\n<p>[\/chase_text][chase_text]<iframe loading=\"lazy\" style=\"border: 0;\" src=\"https:\/\/www.google.com\/maps\/embed?pb=!1m17!1m12!1m3!1d4121.970754109812!2d-54.138552999999995!3d-27.188951000000003!2m3!1f0!2f0!3f0!3m2!1i1024!2i768!4f13.1!3m2!1m1!2zMjfCsDExJzIwLjIiUyA1NMKwMDgnMTguOCJX!5e1!3m2!1sen!2sar!4v1757601505597!5m2!1sen!2sar\" width=\"1000\" height=\"450\" allowfullscreen=\"allowfullscreen\"><\/iframe>[\/chase_text][vc_empty_space height=\u00bb10px\u00bb][\/vc_column][\/vc_row]<\/p>\n<\/div>","protected":false},"excerpt":{"rendered":"<p>[vc_row full_width=\u00bbstretch_row_content\u00bb][vc_column][vc_single_image image=\u00bb4286&#8243; img_size=\u00bbfull\u00bb alignment=\u00bbcenter\u00bb css=\u00bb\u00bb][\/vc_column][\/vc_row][vc_row][vc_column][\/vc_column][\/vc_row][vc_row][vc_column][vc_empty_space][\/vc_column][\/vc_row][vc_row full_width=\u00bbstretch_row\u00bb][vc_column][chase_text_block style=\u00bbstyle3&#8243;] Ubicada en un entorno natural privilegiado a 16km de centro de El Soberbio, Misiones, La Chacra Lodge es un complejo tur\u00edstico ideal para filmaciones que requieran un ambiente selv\u00e1tico, c\u00e1lido y aut\u00e9ntico. Cuenta con tres caba\u00f1as independientes construidas en madera, conectadas por pasarelas elevadas entre \u00e1rboles nativos. [&hellip;]<\/p>\n","protected":false},"author":2,"featured_media":0,"parent":0,"menu_order":0,"comment_status":"closed","ping_status":"closed","template":"","meta":{"footnotes":""},"class_list":["post-4299","page","type-page","status-publish","hentry"],"_links":{"self":[{"href":"https:\/\/www.filmmisiones.iaavim.gob.ar\/index.php?rest_route=\/wp\/v2\/pages\/4299","targetHints":{"allow":["GET"]}}],"collection":[{"href":"https:\/\/www.filmmisiones.iaavim.gob.ar\/index.php?rest_route=\/wp\/v2\/pages"}],"about":[{"href":"https:\/\/www.filmmisiones.iaavim.gob.ar\/index.php?rest_route=\/wp\/v2\/types\/page"}],"author":[{"embeddable":true,"href":"https:\/\/www.filmmisiones.iaavim.gob.ar\/index.php?rest_route=\/wp\/v2\/users\/2"}],"replies":[{"embeddable":true,"href":"https:\/\/www.filmmisiones.iaavim.gob.ar\/index.php?rest_route=%2Fwp%2Fv2%2Fcomments&post=4299"}],"version-history":[{"count":5,"href":"https:\/\/www.filmmisiones.iaavim.gob.ar\/index.php?rest_route=\/wp\/v2\/pages\/4299\/revisions"}],"predecessor-version":[{"id":4306,"href":"https:\/\/www.filmmisiones.iaavim.gob.ar\/index.php?rest_route=\/wp\/v2\/pages\/4299\/revisions\/4306"}],"wp:attachment":[{"href":"https:\/\/www.filmmisiones.iaavim.gob.ar\/index.php?rest_route=%2Fwp%2Fv2%2Fmedia&parent=4299"}],"curies":[{"name":"wp","href":"https:\/\/api.w.org\/{rel}","templated":true}]}}