{"id":3733,"date":"2025-08-14T10:05:29","date_gmt":"2025-08-14T13:05:29","guid":{"rendered":"https:\/\/www.filmmisiones.iaavim.gob.ar\/?page_id=3733"},"modified":"2025-08-14T10:05:29","modified_gmt":"2025-08-14T13:05:29","slug":"plaza-del-bicentenario","status":"publish","type":"page","link":"https:\/\/www.filmmisiones.iaavim.gob.ar\/?page_id=3733","title":{"rendered":"Plaza del Bicentenario"},"content":{"rendered":"<div class=\"wpb-content-wrapper\"><p>[vc_row full_width=\u00bbstretch_row_content\u00bb][vc_column][vc_single_image image=\u00bb3728&#8243; img_size=\u00bbfull\u00bb alignment=\u00bbcenter\u00bb css=\u00bb\u00bb][\/vc_column][\/vc_row][vc_row][vc_column]<style type=\"text\/css\">\r\n\t\t\t\t .vcmp-carousel-1 {\r\n\t\t\t\t\tcolor:#383838;\t\t\t\t\t \r\n\t\t\t\t }\r\n\t\t\t\t .vcmp-carousel-1 h1 {\r\n\t\t\t\t\tfont-size: !important;\r\n\t\t\t\t }\r\n\t\t\t\t .vcmp-carousel-1 a {\r\n\t\t\t\t\tcolor:#383838;\r\n\t\t\t\t }\r\n\t\t\t\t .vcmp-carousel-1 a:hover {\r\n\t\t\t\t\tcolor:#8a8a8a;\r\n\t\t\t\t }\t\t\t\t\t \t\t\t\t \r\n\t\t\t\t .vcmp-carousel-1 .vcmp-item,\r\n\t\t\t\t .vcmp-carousel-1 .vcmp-image-over .adtheme-icon-plus,\r\n\t\t\t\t .vcmp-carousel-1 .vcmp-image-over .adtheme-icon-search,\r\n\t\t\t\t .vcmp-controls ul li {\r\n\t\t\t\t\tbackground:#ffffff;\r\n\t\t\t\t}\r\n\t\t\t\t.vcmp-carousel-1 .vcmp-item:hover .vcmp-image-over {\r\n\t\t\t\t\tbackground:rgba(0,0,0,0.3);\r\n\t\t\t\t}\r\n\t\t\t\t.vcmp-carousel-1 .vcmp-item .vcmp-title {\r\n\t\t\t\t\tbackground:rgba(0,0,0,0.3);\r\n\t\t\t\t\tcolor:#ffffff;\r\n\t\t\t\t}\t\t\t\t\r\n\t\t\t\t.vcmp-carousel-1 .vcmp-pagination a {\r\n\t\t\t\t\tbackground:#ffffff;\r\n\t\t\t\t}\r\n\t\t\t\t.vcmp-carousel-1 .vcmp-item:hover .vcmp-image-over {\r\n\t\t\t\t\tbackground:rgba(0,0,0,0.3);\r\n\t\t\t\t}\r\n\t\t\t\t.vcmp-carousel-1 .vcmp-image-over .adtheme-icon-plus {\r\n\t\t\t\t\tcolor:#383838;\r\n\t\t\t\t}\r\n\t\t\t\t.vcmp-carousel-1 .vcmp-image-over .adtheme-icon-plus {\r\n\t\t\t\t\tborder-color:#383838;\r\n\t\t\t\t}\t\t\t\t\r\n\t\t\t\t.vcmp-carousel-1 .vcmp-image-over .adtheme-icon-plus:hover,\r\n\t\t\t\t.vcmp-carousel-1 .vcmp-image-over .adtheme-icon-search:hover {\r\n\t\t\t\t\tcolor:#8a8a8a;\r\n\t\t\t\t}\r\n\t\t\t\t.vcmp-carousel-1 .owl-item\t{\r\n\t\t\t\t\tpadding:;\r\n\t\t\t\t}\r\n\t\t\t\t.vcmp-carousel.owl-theme .owl-controls .owl-buttons div {\r\n\t\t\t\t\tbackground:rgba(0,0,0,0.3);\r\n\t\t\t\t}<\/style>\r\n\t\t\t<script>\r\n\t\t\tjQuery(document).ready(function($){\r\n      \t\t\t$(\".vcmp-carousel-1\").owlCarousel({\r\n\t\t\t\t\titems : 4,\r\n\t\t\t\t\tautoPlay: false,\r\n\t\t\t\t\tnavigation: true,\r\n\t\t\t\t\tpagination: true,\r\n\t\t\t\t\titemsTablet: [1025,2],\r\n\t\t\t\t\titemsMobile: [479,1],\r\n\t\t\t\t\tnavigationText: ['<i class=\"adtheme-icon-arrow-left\"><\/i>','<i class=\"adtheme-icon-arrow-right\"><\/i>'] \t\t\t\t\r\n\t\t\t\t});\r\n\t\t\t});\r\n\t\t\t<\/script><script type=\"text\/javascript\">\t\r\n\t\t\t\t\t\t\t\tjQuery(document).ready(function($){\r\n\t\t\t\t\t\t\t\t\t$('.vcmp-carousel-1 .vcmp-zoom-image').magnificPopup({\r\n\t\t\t\t\t\t\t\t\t\ttype: 'image',\r\n\t\t\t\t\t\t\t\t\t\t\tgallery:{\r\n\t\t\t\t\t\t\t\t\t\t\t\tenabled:true\r\n\t\t\t\t\t\t\t\t\t\t\t}\r\n\t\t\t\t\t\t\t\t\t});\r\n\t\t\t\t\t\t\t\t});\r\n\t\t\t\t\t\t\t<\/script><div class=\"vcmp-carousel vcmp-1 vcmp-carousel-style1 vcmp-carousel-1 owl-carousel\"><div class=\"vcmp-item\"><div class=\"vcmp-container-thumbs\"><div class=\"vcmp-header-container\"><img decoding=\"async\" src=\"https:\/\/www.filmmisiones.iaavim.gob.ar\/wp-content\/uploads\/2025\/08\/L.-N.-Alem-Park-12-1200x800.jpg\"><\/div><div class=\"vcmp-image-over\"><a href=\"https:\/\/www.filmmisiones.iaavim.gob.ar\/wp-content\/uploads\/2025\/08\/L.-N.-Alem-Park-12-1200x800.jpg\" class=\"adtheme-icon-search vcmp-zoom-image\" title=\" \" ><\/a><\/div><\/div><\/div><div class=\"vcmp-item\"><div class=\"vcmp-container-thumbs\"><div class=\"vcmp-header-container\"><img decoding=\"async\" src=\"https:\/\/www.filmmisiones.iaavim.gob.ar\/wp-content\/uploads\/2025\/08\/L.-N.-Alem-Park-11-1200x800.jpg\"><\/div><div class=\"vcmp-image-over\"><a href=\"https:\/\/www.filmmisiones.iaavim.gob.ar\/wp-content\/uploads\/2025\/08\/L.-N.-Alem-Park-11-1200x800.jpg\" class=\"adtheme-icon-search vcmp-zoom-image\" title=\" \" ><\/a><\/div><\/div><\/div><div class=\"vcmp-item\"><div class=\"vcmp-container-thumbs\"><div class=\"vcmp-header-container\"><img decoding=\"async\" src=\"https:\/\/www.filmmisiones.iaavim.gob.ar\/wp-content\/uploads\/2025\/08\/L.-N.-Alem-Park-10-1200x800.jpg\"><\/div><div class=\"vcmp-image-over\"><a href=\"https:\/\/www.filmmisiones.iaavim.gob.ar\/wp-content\/uploads\/2025\/08\/L.-N.-Alem-Park-10-1200x800.jpg\" class=\"adtheme-icon-search vcmp-zoom-image\" title=\" \" ><\/a><\/div><\/div><\/div><div class=\"vcmp-item\"><div class=\"vcmp-container-thumbs\"><div class=\"vcmp-header-container\"><img decoding=\"async\" src=\"https:\/\/www.filmmisiones.iaavim.gob.ar\/wp-content\/uploads\/2025\/08\/L.-N.-Alem-Park-9-1200x800.jpg\"><\/div><div class=\"vcmp-image-over\"><a href=\"https:\/\/www.filmmisiones.iaavim.gob.ar\/wp-content\/uploads\/2025\/08\/L.-N.-Alem-Park-9-1200x800.jpg\" class=\"adtheme-icon-search vcmp-zoom-image\" title=\" \" ><\/a><\/div><\/div><\/div><div class=\"vcmp-item\"><div class=\"vcmp-container-thumbs\"><div class=\"vcmp-header-container\"><img decoding=\"async\" src=\"https:\/\/www.filmmisiones.iaavim.gob.ar\/wp-content\/uploads\/2025\/08\/L.-N.-Alem-Park-8-1200x800.jpg\"><\/div><div class=\"vcmp-image-over\"><a href=\"https:\/\/www.filmmisiones.iaavim.gob.ar\/wp-content\/uploads\/2025\/08\/L.-N.-Alem-Park-8-1200x800.jpg\" class=\"adtheme-icon-search vcmp-zoom-image\" title=\" \" ><\/a><\/div><\/div><\/div><div class=\"vcmp-item\"><div class=\"vcmp-container-thumbs\"><div class=\"vcmp-header-container\"><img decoding=\"async\" src=\"https:\/\/www.filmmisiones.iaavim.gob.ar\/wp-content\/uploads\/2025\/08\/L.-N.-Alem-Park-7-1200x800.jpg\"><\/div><div class=\"vcmp-image-over\"><a href=\"https:\/\/www.filmmisiones.iaavim.gob.ar\/wp-content\/uploads\/2025\/08\/L.-N.-Alem-Park-7-1200x800.jpg\" class=\"adtheme-icon-search vcmp-zoom-image\" title=\" \" ><\/a><\/div><\/div><\/div><div class=\"vcmp-item\"><div class=\"vcmp-container-thumbs\"><div class=\"vcmp-header-container\"><img decoding=\"async\" src=\"https:\/\/www.filmmisiones.iaavim.gob.ar\/wp-content\/uploads\/2025\/08\/L.-N.-Alem-Park-6-1200x800.jpg\"><\/div><div class=\"vcmp-image-over\"><a href=\"https:\/\/www.filmmisiones.iaavim.gob.ar\/wp-content\/uploads\/2025\/08\/L.-N.-Alem-Park-6-1200x800.jpg\" class=\"adtheme-icon-search vcmp-zoom-image\" title=\" \" ><\/a><\/div><\/div><\/div><div class=\"vcmp-item\"><div class=\"vcmp-container-thumbs\"><div class=\"vcmp-header-container\"><img decoding=\"async\" src=\"https:\/\/www.filmmisiones.iaavim.gob.ar\/wp-content\/uploads\/2025\/08\/L.-N.-Alem-Park-5-1200x800.jpg\"><\/div><div class=\"vcmp-image-over\"><a href=\"https:\/\/www.filmmisiones.iaavim.gob.ar\/wp-content\/uploads\/2025\/08\/L.-N.-Alem-Park-5-1200x800.jpg\" class=\"adtheme-icon-search vcmp-zoom-image\" title=\" \" ><\/a><\/div><\/div><\/div><div class=\"vcmp-item\"><div class=\"vcmp-container-thumbs\"><div class=\"vcmp-header-container\"><img decoding=\"async\" src=\"https:\/\/www.filmmisiones.iaavim.gob.ar\/wp-content\/uploads\/2025\/08\/L.-N.-Alem-Park-4-1200x800.jpg\"><\/div><div class=\"vcmp-image-over\"><a href=\"https:\/\/www.filmmisiones.iaavim.gob.ar\/wp-content\/uploads\/2025\/08\/L.-N.-Alem-Park-4-1200x800.jpg\" class=\"adtheme-icon-search vcmp-zoom-image\" title=\" \" ><\/a><\/div><\/div><\/div><div class=\"vcmp-item\"><div class=\"vcmp-container-thumbs\"><div class=\"vcmp-header-container\"><img decoding=\"async\" src=\"https:\/\/www.filmmisiones.iaavim.gob.ar\/wp-content\/uploads\/2025\/08\/L.-N.-Alem-Park-3-1200x800.jpg\"><\/div><div class=\"vcmp-image-over\"><a href=\"https:\/\/www.filmmisiones.iaavim.gob.ar\/wp-content\/uploads\/2025\/08\/L.-N.-Alem-Park-3-1200x800.jpg\" class=\"adtheme-icon-search vcmp-zoom-image\" title=\" \" ><\/a><\/div><\/div><\/div><div class=\"vcmp-item\"><div class=\"vcmp-container-thumbs\"><div class=\"vcmp-header-container\"><img decoding=\"async\" src=\"https:\/\/www.filmmisiones.iaavim.gob.ar\/wp-content\/uploads\/2025\/08\/L.-N.-Alem-Park-2-1200x800.jpg\"><\/div><div class=\"vcmp-image-over\"><a href=\"https:\/\/www.filmmisiones.iaavim.gob.ar\/wp-content\/uploads\/2025\/08\/L.-N.-Alem-Park-2-1200x800.jpg\" class=\"adtheme-icon-search vcmp-zoom-image\" title=\" \" ><\/a><\/div><\/div><\/div><div class=\"vcmp-item\"><div class=\"vcmp-container-thumbs\"><div class=\"vcmp-header-container\"><img decoding=\"async\" src=\"https:\/\/www.filmmisiones.iaavim.gob.ar\/wp-content\/uploads\/2025\/08\/L.-N.-Alem-Park-1-1200x800.jpg\"><\/div><div class=\"vcmp-image-over\"><a href=\"https:\/\/www.filmmisiones.iaavim.gob.ar\/wp-content\/uploads\/2025\/08\/L.-N.-Alem-Park-1-1200x800.jpg\" class=\"adtheme-icon-search vcmp-zoom-image\" title=\" \" ><\/a><\/div><\/div><\/div><div class=\"vcmp-item\"><div class=\"vcmp-container-thumbs\"><div class=\"vcmp-header-container\"><img decoding=\"async\" src=\"https:\/\/www.filmmisiones.iaavim.gob.ar\/wp-content\/uploads\/2025\/08\/L.-N.-Alem-Park-17-1200x800.jpg\"><\/div><div class=\"vcmp-image-over\"><a href=\"https:\/\/www.filmmisiones.iaavim.gob.ar\/wp-content\/uploads\/2025\/08\/L.-N.-Alem-Park-17-1200x800.jpg\" class=\"adtheme-icon-search vcmp-zoom-image\" title=\" \" ><\/a><\/div><\/div><\/div><div class=\"vcmp-item\"><div class=\"vcmp-container-thumbs\"><div class=\"vcmp-header-container\"><img decoding=\"async\" src=\"https:\/\/www.filmmisiones.iaavim.gob.ar\/wp-content\/uploads\/2025\/08\/L.-N.-Alem-Park-16-1200x800.jpg\"><\/div><div class=\"vcmp-image-over\"><a href=\"https:\/\/www.filmmisiones.iaavim.gob.ar\/wp-content\/uploads\/2025\/08\/L.-N.-Alem-Park-16-1200x800.jpg\" class=\"adtheme-icon-search vcmp-zoom-image\" title=\" \" ><\/a><\/div><\/div><\/div><div class=\"vcmp-item\"><div class=\"vcmp-container-thumbs\"><div class=\"vcmp-header-container\"><img decoding=\"async\" src=\"https:\/\/www.filmmisiones.iaavim.gob.ar\/wp-content\/uploads\/2025\/08\/L.-N.-Alem-Park-15-1200x800.jpg\"><\/div><div class=\"vcmp-image-over\"><a href=\"https:\/\/www.filmmisiones.iaavim.gob.ar\/wp-content\/uploads\/2025\/08\/L.-N.-Alem-Park-15-1200x800.jpg\" class=\"adtheme-icon-search vcmp-zoom-image\" title=\" \" ><\/a><\/div><\/div><\/div><div class=\"vcmp-item\"><div class=\"vcmp-container-thumbs\"><div class=\"vcmp-header-container\"><img decoding=\"async\" src=\"https:\/\/www.filmmisiones.iaavim.gob.ar\/wp-content\/uploads\/2025\/08\/L.-N.-Alem-Park-14-1200x800.jpg\"><\/div><div class=\"vcmp-image-over\"><a href=\"https:\/\/www.filmmisiones.iaavim.gob.ar\/wp-content\/uploads\/2025\/08\/L.-N.-Alem-Park-14-1200x800.jpg\" class=\"adtheme-icon-search vcmp-zoom-image\" title=\" \" ><\/a><\/div><\/div><\/div><div class=\"vcmp-item\"><div class=\"vcmp-container-thumbs\"><div class=\"vcmp-header-container\"><img decoding=\"async\" src=\"https:\/\/www.filmmisiones.iaavim.gob.ar\/wp-content\/uploads\/2025\/08\/L.-N.-Alem-Park-13-1200x800.jpg\"><\/div><div class=\"vcmp-image-over\"><a href=\"https:\/\/www.filmmisiones.iaavim.gob.ar\/wp-content\/uploads\/2025\/08\/L.-N.-Alem-Park-13-1200x800.jpg\" class=\"adtheme-icon-search vcmp-zoom-image\" title=\" \" ><\/a><\/div><\/div><\/div><\/div>[\/vc_column][\/vc_row][vc_row][vc_column][vc_empty_space][\/vc_column][\/vc_row][vc_row full_width=\u00bbstretch_row\u00bb][vc_column][chase_text_block style=\u00bbstyle3&#8243;]<\/p>\n<p class=\"p1\" style=\"text-align: center;\">La <strong>Plaza del Bicentenario<\/strong>, o m\u00e1s conocida como \u201cPark\u201d, cuenta con un anfiteatro orientado hacia el atardecer como escenario de encuentros y espect\u00e1culos. Tambi\u00e9n dispone de dos parques de juegos que junto al bykepark cobran vida con la risa de los ni\u00f1os y la destreza de los j\u00f3venes desplaz\u00e1ndose en bicicletas y patinetas. Durante el d\u00eda, es un punto de reuni\u00f3n para familias; por la noche, se llena de charlas entre amigos bajo el cielo abierto. Un lugar donde cada rinc\u00f3n invita a disfrutar del paisaje que lo rodea.<\/p>\n<p>[\/chase_text_block][vc_empty_space height=\u00bb22px\u00bb][\/vc_column][\/vc_row][vc_row][vc_column][chase_text]<\/p>\n<h1 style=\"text-align: center;\">Plaza del Bicentenario<\/h1>\n<p>[\/chase_text][vc_empty_space height=\u00bb22px\u00bb][\/vc_column][\/vc_row][vc_row][vc_column width=\u00bb1\/4&#8243;][chase_text]<\/p>\n<h4>Municipio:<br \/>\nLeandro N. Alem<\/h4>\n<p>[\/chase_text][vc_empty_space height=\u00bb22px\u00bb][\/vc_column][vc_column width=\u00bb1\/4&#8243;][chase_text]<\/p>\n<h6><span style=\"font-size: 12pt;\">Sitio web:<\/span><br \/>\n<span style=\"font-size: 12pt;\"><a href=\"https:\/\/concejoalem.gob.ar\/\">https:\/\/concejoalem.gob.ar\/\u00a0<\/a><\/span><\/h6>\n<p>[\/chase_text][vc_empty_space height=\u00bb22px\u00bb][\/vc_column][vc_column width=\u00bb1\/4&#8243;][chase_text]<\/p>\n<h4>Ciudad:<br \/>\nLeandro N. Alem<\/h4>\n<p>[\/chase_text][vc_empty_space height=\u00bb22px\u00bb][\/vc_column][vc_column width=\u00bb1\/4&#8243;][chase_text]<\/p>\n<h4>RRSS:<br \/>\nIG: <a href=\"https:\/\/www.instagram.com\/concejoalem\">@concejoalem<\/a><\/h4>\n<p>[\/chase_text][vc_empty_space height=\u00bb22px\u00bb][\/vc_column][\/vc_row][vc_row][vc_column width=\u00bb1\/5&#8243;][vc_single_image image=\u00bb2318&#8243; img_size=\u00bb100&#215;100&#8243; alignment=\u00bbcenter\u00bb css=\u00bb\u00bb][chase_text]<\/p>\n<p style=\"text-align: center;\">Permiso<br \/>\nP\u00fablico<\/p>\n<p>[\/chase_text][\/vc_column][vc_column width=\u00bb1\/5&#8243;][vc_single_image image=\u00bb2317&#8243; img_size=\u00bb100&#215;100&#8243; alignment=\u00bbcenter\u00bb css=\u00bb\u00bb][chase_text]<\/p>\n<p style=\"text-align: center;\">Energ\u00eda<br \/>\nEl\u00e9ctrica<\/p>\n<p>[\/chase_text][\/vc_column][vc_column width=\u00bb1\/5&#8243;][vc_single_image image=\u00bb2313&#8243; img_size=\u00bb100&#215;100&#8243; alignment=\u00bbcenter\u00bb css=\u00bb\u00bb][chase_text]<\/p>\n<p style=\"text-align: center;\">Acceso asfaltado<\/p>\n<p>[\/chase_text][\/vc_column][vc_column width=\u00bb1\/5&#8243;][vc_single_image image=\u00bb2322&#8243; img_size=\u00bb100&#215;100&#8243; alignment=\u00bbcenter\u00bb css=\u00bb\u00bb][chase_text]<\/p>\n<p style=\"text-align: center;\">Espacio<br \/>\nP\u00fablico<\/p>\n<p>[\/chase_text][\/vc_column][vc_column width=\u00bb1\/5&#8243;][vc_single_image image=\u00bb2459&#8243; img_size=\u00bb100&#215;100&#8243; alignment=\u00bbcenter\u00bb css=\u00bb\u00bb][chase_text]<\/p>\n<p style=\"text-align: center;\"><a href=\"https:\/\/misiones.tur.ar\/alojamiento\/\" target=\"_blank\" rel=\"noopener\">Hoteler\u00eda<\/a><\/p>\n<p>[\/chase_text][\/vc_column][\/vc_row][vc_row][vc_column width=\u00bb1\/5&#8243;][\/vc_column][vc_column width=\u00bb1\/5&#8243;][\/vc_column][vc_column width=\u00bb1\/5&#8243;][vc_single_image image=\u00bb2569&#8243; img_size=\u00bb100&#215;100&#8243; alignment=\u00bbcenter\u00bb css=\u00bb\u00bb][chase_text]<\/p>\n<p style=\"text-align: center;\"><a href=\"https:\/\/misiones.tur.ar\/alojamiento\/\" target=\"_blank\" rel=\"noopener\">Salud<\/a><\/p>\n<p>[\/chase_text][\/vc_column][vc_column width=\u00bb1\/5&#8243;][\/vc_column][vc_column width=\u00bb1\/5&#8243;][\/vc_column][\/vc_row][vc_row][vc_column width=\u00bb1\/5&#8243;][\/vc_column][vc_column width=\u00bb1\/5&#8243;][\/vc_column][vc_column width=\u00bb1\/5&#8243;][\/vc_column][vc_column width=\u00bb1\/5&#8243;][\/vc_column][vc_column width=\u00bb1\/5&#8243;][\/vc_column][\/vc_row][vc_row][vc_column][vc_empty_space][\/vc_column][\/vc_row][vc_row][vc_column][chase_text]<\/p>\n<h4 style=\"text-align: left;\">Ubicaci\u00f3n<\/h4>\n<p>[\/chase_text][chase_text]<iframe loading=\"lazy\" style=\"border: 0;\" src=\"https:\/\/www.google.com\/maps\/embed?pb=!1m14!1m8!1m3!1d883.8364730767188!2d-55.3271795!3d-27.6138021!3m2!1i1024!2i768!4f13.1!3m3!1m2!1s0x94f885ef8c85ac73%3A0x7e3c1df81b68127a!2sBicentennial%20Plaza!5e0!3m2!1sen!2sar!4v1755176704872!5m2!1sen!2sar\" width=\"1000\" height=\"450\" allowfullscreen=\"allowfullscreen\"><\/iframe>[\/chase_text][vc_empty_space height=\u00bb10px\u00bb][\/vc_column][\/vc_row]<\/p>\n<\/div>","protected":false},"excerpt":{"rendered":"<p>[vc_row full_width=\u00bbstretch_row_content\u00bb][vc_column][vc_single_image image=\u00bb3728&#8243; img_size=\u00bbfull\u00bb alignment=\u00bbcenter\u00bb css=\u00bb\u00bb][\/vc_column][\/vc_row][vc_row][vc_column][\/vc_column][\/vc_row][vc_row][vc_column][vc_empty_space][\/vc_column][\/vc_row][vc_row full_width=\u00bbstretch_row\u00bb][vc_column][chase_text_block style=\u00bbstyle3&#8243;] La Plaza del Bicentenario, o m\u00e1s conocida como \u201cPark\u201d, cuenta con un anfiteatro orientado hacia el atardecer como escenario de encuentros y espect\u00e1culos. Tambi\u00e9n dispone de dos parques de juegos que junto al bykepark cobran vida con la risa de los ni\u00f1os y la destreza de los [&hellip;]<\/p>\n","protected":false},"author":2,"featured_media":0,"parent":0,"menu_order":0,"comment_status":"closed","ping_status":"closed","template":"","meta":{"footnotes":""},"class_list":["post-3733","page","type-page","status-publish","hentry"],"_links":{"self":[{"href":"https:\/\/www.filmmisiones.iaavim.gob.ar\/index.php?rest_route=\/wp\/v2\/pages\/3733","targetHints":{"allow":["GET"]}}],"collection":[{"href":"https:\/\/www.filmmisiones.iaavim.gob.ar\/index.php?rest_route=\/wp\/v2\/pages"}],"about":[{"href":"https:\/\/www.filmmisiones.iaavim.gob.ar\/index.php?rest_route=\/wp\/v2\/types\/page"}],"author":[{"embeddable":true,"href":"https:\/\/www.filmmisiones.iaavim.gob.ar\/index.php?rest_route=\/wp\/v2\/users\/2"}],"replies":[{"embeddable":true,"href":"https:\/\/www.filmmisiones.iaavim.gob.ar\/index.php?rest_route=%2Fwp%2Fv2%2Fcomments&post=3733"}],"version-history":[{"count":1,"href":"https:\/\/www.filmmisiones.iaavim.gob.ar\/index.php?rest_route=\/wp\/v2\/pages\/3733\/revisions"}],"predecessor-version":[{"id":3734,"href":"https:\/\/www.filmmisiones.iaavim.gob.ar\/index.php?rest_route=\/wp\/v2\/pages\/3733\/revisions\/3734"}],"wp:attachment":[{"href":"https:\/\/www.filmmisiones.iaavim.gob.ar\/index.php?rest_route=%2Fwp%2Fv2%2Fmedia&parent=3733"}],"curies":[{"name":"wp","href":"https:\/\/api.w.org\/{rel}","templated":true}]}}