{"id":2849,"date":"2024-11-11T09:00:09","date_gmt":"2024-11-11T12:00:09","guid":{"rendered":"https:\/\/www.filmmisiones.iaavim.gob.ar\/?page_id=2849"},"modified":"2026-02-12T09:34:35","modified_gmt":"2026-02-12T12:34:35","slug":"beneficios","status":"publish","type":"page","link":"https:\/\/www.filmmisiones.iaavim.gob.ar\/?page_id=2849","title":{"rendered":"Beneficios"},"content":{"rendered":"<div class=\"wpb-content-wrapper\"><p>[vc_row full_width=\u00bbstretch_row_content_no_spaces\u00bb][vc_column][chase_heading overlay=\u00bbyes\u00bb title=\u00bbCash Rebate\u00bb image=\u00bb2805&#8243;][\/vc_column][\/vc_row][vc_row][vc_column][vc_empty_space][chase_text]<\/p>\n<p style=\"text-align: center;\"><span style=\"font-family: georgia, palatino, serif;\"><strong><span style=\"font-size: 24pt;\">CASH REBATE\u00a0<\/span><\/strong><\/span><\/p>\n<p style=\"text-align: justify;\"><span style=\"font-family: georgia, palatino, serif; font-size: 12pt;\">El <strong>Programa Misiones Audiovisual Cash Rebate<\/strong> busca incentivar y apoyar las producciones audiovisuales que se filmen en la Provincia con el objetivo de promover el desarrollo econ\u00f3mico, atraer inversiones y crear empleo directo e indirecto a trav\u00e9s de la contrataci\u00f3n de servicios asociados que contribuyan con la promoci\u00f3n de la provincia a nivel nacional e internacional.<\/span><\/p>\n<p><span style=\"font-family: georgia, palatino, serif; font-size: 12pt;\">&#8211; El Programa cuenta con dos diferentes l\u00edneas:<\/span><\/p>\n<ul>\n<li><span style=\"font-family: georgia, palatino, serif;\"><strong>L\u00cdNEA MISIONERA<\/strong><\/span><br \/>\n<span style=\"font-family: georgia, palatino, serif;\">Monto m\u00ednimo de inversi\u00f3n $ 15.000.000,00 (quince millones de pesos argentinos) por proyecto.<\/span><br \/>\n<span style=\"font-family: georgia, palatino, serif;\">Porcentaje de reintegro del 45% con un tope de devoluci\u00f3n de hasta $ 40.000.000,00 (cuarenta millones de pesos argentinos) por proyecto.<\/span><\/li>\n<li><span style=\"font-family: georgia, palatino, serif;\"><strong>L\u00cdNEA NACIONAL<\/strong><\/span><br \/>\n<span style=\"font-family: georgia, palatino, serif;\">Monto m\u00ednimo de inversi\u00f3n $ 100.000.000,00 (cien millones de pesos argentinos).<\/span><br \/>\n<span style=\"font-family: georgia, palatino, serif;\">Porcentaje de reintegro del 40% con un tope de devoluci\u00f3n de hasta $ 80.000.000,00 (ochenta millones de pesos argentinos) por proyecto.<\/span><\/li>\n<\/ul>\n<p><span style=\"font-family: georgia, palatino, serif;\">En ambas <strong>L\u00cdNEAS<\/strong> el reembolso se realiza por los gastos netos de IVA de los rubros elegibles expresados en los T\u00e9rminos &amp; Condiciones.<\/span><\/p>\n<p><span style=\"font-weight: 400; font-family: georgia, palatino, serif;\">&#8211; Destinado a las siguientes categor\u00edas:<\/span><\/p>\n<ul>\n<li style=\"font-weight: 400;\" aria-level=\"1\"><span style=\"font-family: georgia, palatino, serif;\"><strong>Largometrajes de ficci\u00f3n, documental y animaci\u00f3n.<\/strong><\/span><\/li>\n<li style=\"font-weight: 400;\" aria-level=\"1\"><span style=\"font-family: georgia, palatino, serif;\"><strong>Series de ficci\u00f3n, documental y animaci\u00f3n.<\/strong><\/span><\/li>\n<li style=\"font-weight: 400;\" aria-level=\"1\"><span style=\"font-family: georgia, palatino, serif;\"><strong>Programas televisivos.<\/strong><\/span><\/li>\n<\/ul>\n<p>&nbsp;<\/p>\n<p style=\"text-align: center;\"><em><span style=\"font-family: georgia, palatino, serif;\"><span style=\"font-size: 12pt; color: #000000;\">Es importante destacar que la evaluaci\u00f3n y asignaci\u00f3n de cupos se realizar\u00e1 a medida que ingresen los proyectos y hasta cubrir la totalidad del recurso asignado, por lo cual recomendamos aplicar a la mayor brevedad posible.<\/span><\/span><\/em><\/p>\n<p style=\"text-align: center;\"><span style=\"font-family: georgia, palatino, serif;\"><a href=\"https:\/\/www.filmmisiones.iaavim.gob.ar\/wp-content\/uploads\/2025\/04\/Decreto-186.pdf\"><strong><span style=\"font-size: 12pt;\">Decreto N\u00ba 186\/2025 &#8211; Programa de Promoci\u00f3n Misiones Audiovisual y Econom\u00eda del Conocimiento CASH REBATE 2025<\/span><\/strong><\/a><\/span><\/p>\n<p style=\"text-align: center;\"><span style=\"font-family: georgia, palatino, serif;\"><a href=\"https:\/\/drive.google.com\/file\/d\/1nCJABmlMbWg0fGJLD0s_vbkaOC9_qSDk\/view?usp=sharing\"><span style=\"font-size: 12pt;\"><strong>T\u00e9rminos y Condiciones: Programa Misiones Audiovisual Cash Rebate<\/strong><\/span><\/a><\/span><\/p>\n<p style=\"text-align: center;\"><span style=\"font-family: georgia, palatino, serif; font-size: 12pt;\"><strong>Para acceder al formulario de inscripci\u00f3n haz click <a href=\"https:\/\/docs.google.com\/forms\/d\/e\/1FAIpQLSc58e1e3UkLrURm5a4QpO2BoPQ3MX2IJq0AlCaPdxkUsG3BEg\/viewform?usp=sharing\">aqu\u00ed<\/a><\/strong><\/span><\/p>\n<p style=\"text-align: center;\"><span style=\"font-family: georgia, palatino, serif;\"><a href=\"https:\/\/drive.google.com\/file\/d\/171bzwFNpk0_x8S1eXKnXpgklUmy3jwPB\/view?usp=sharing\"><span style=\"font-size: 12pt;\"><strong>Preguntas frecuentes acerca del Programa<\/strong><\/span><\/a><\/span><\/p>\n<p>[\/chase_text][\/vc_column][\/vc_row]<\/p>\n<\/div>","protected":false},"excerpt":{"rendered":"<p>[vc_row full_width=\u00bbstretch_row_content_no_spaces\u00bb][vc_column][chase_heading overlay=\u00bbyes\u00bb title=\u00bbCash Rebate\u00bb image=\u00bb2805&#8243;][\/vc_column][\/vc_row][vc_row][vc_column][vc_empty_space][chase_text] CASH REBATE\u00a0 El Programa Misiones Audiovisual Cash Rebate busca incentivar y apoyar las producciones audiovisuales que se filmen en la Provincia con el objetivo de promover el desarrollo econ\u00f3mico, atraer inversiones y crear empleo directo e indirecto a trav\u00e9s de la contrataci\u00f3n de servicios asociados que contribuyan con la [&hellip;]<\/p>\n","protected":false},"author":1,"featured_media":0,"parent":0,"menu_order":0,"comment_status":"closed","ping_status":"closed","template":"","meta":{"footnotes":""},"class_list":["post-2849","page","type-page","status-publish","hentry"],"_links":{"self":[{"href":"https:\/\/www.filmmisiones.iaavim.gob.ar\/index.php?rest_route=\/wp\/v2\/pages\/2849","targetHints":{"allow":["GET"]}}],"collection":[{"href":"https:\/\/www.filmmisiones.iaavim.gob.ar\/index.php?rest_route=\/wp\/v2\/pages"}],"about":[{"href":"https:\/\/www.filmmisiones.iaavim.gob.ar\/index.php?rest_route=\/wp\/v2\/types\/page"}],"author":[{"embeddable":true,"href":"https:\/\/www.filmmisiones.iaavim.gob.ar\/index.php?rest_route=\/wp\/v2\/users\/1"}],"replies":[{"embeddable":true,"href":"https:\/\/www.filmmisiones.iaavim.gob.ar\/index.php?rest_route=%2Fwp%2Fv2%2Fcomments&post=2849"}],"version-history":[{"count":38,"href":"https:\/\/www.filmmisiones.iaavim.gob.ar\/index.php?rest_route=\/wp\/v2\/pages\/2849\/revisions"}],"predecessor-version":[{"id":4403,"href":"https:\/\/www.filmmisiones.iaavim.gob.ar\/index.php?rest_route=\/wp\/v2\/pages\/2849\/revisions\/4403"}],"wp:attachment":[{"href":"https:\/\/www.filmmisiones.iaavim.gob.ar\/index.php?rest_route=%2Fwp%2Fv2%2Fmedia&parent=2849"}],"curies":[{"name":"wp","href":"https:\/\/api.w.org\/{rel}","templated":true}]}}