{"id":2535,"date":"2024-09-20T03:30:48","date_gmt":"2024-09-20T01:30:48","guid":{"rendered":"https:\/\/www.filmmisiones.iaavim.gob.ar\/?page_id=2535"},"modified":"2024-09-20T03:33:29","modified_gmt":"2024-09-20T01:33:29","slug":"mugre-films","status":"publish","type":"page","link":"https:\/\/www.filmmisiones.iaavim.gob.ar\/?page_id=2535","title":{"rendered":"MUGRE FILMS"},"content":{"rendered":"<div class=\"wpb-content-wrapper\"><p>[vc_row][vc_column][chase_text]<\/p>\n<h1 style=\"text-align: center;\"><strong>MUGRE FILMS<\/strong><\/h1>\n<p>[\/chase_text][\/vc_column][\/vc_row][vc_row][vc_column width=\u00bb1\/4&#8243;][vc_single_image image=\u00bb2537&#8243; img_size=\u00bbfull\u00bb alignment=\u00bbcenter\u00bb css=\u00bb\u00bb][\/vc_column][vc_column width=\u00bb3\/4&#8243;][chase_text]<span style=\"color: #000000;\">Productora audiovisual\u00a0que se enfoca en la creaci\u00f3n de contenido de ficci\u00f3n y documental con relevancia social y pol\u00edtica.\u00a0<\/span>[\/chase_text][\/vc_column][\/vc_row][vc_row][vc_column width=\u00bb1\/6&#8243;][\/vc_column][vc_column width=\u00bb2\/3&#8243;][chase_text]<\/p>\n<p style=\"text-align: center;\"><img loading=\"lazy\" decoding=\"async\" class=\"wp-image-2440 aligncenter\" src=\"https:\/\/sdanielgf.ar\/lab\/iaavim\/wp-content\/uploads\/2024\/07\/iconografia-casas-productoras_contacto.png\" alt=\"\" width=\"50\" height=\"50\" \/> <strong>Benjam\u00edn E. Correa<\/strong><\/p>\n<p>[\/chase_text][chase_help][chase_help_item con_icon=\u00bbicon-ic-77&#8243; title=\u00bbLocalidad\u00bb text=\u00bbOber\u00e1 &#8211; Misiones\u00bb tab=\u00bbLocalidad\u00bb][chase_help_item con_icon=\u00bbicon-ic-58&#8243; title=\u00bbDirecci\u00f3n Postal\u00bb text=\u00bbAvda. tucum\u00e1n 630 (3360)\u00bb tab=\u00bbDirecci\u00f3n Postal\u00bb][chase_help_item con_icon=\u00bbicon-ic-29&#8243; title=\u00bbTel\u00e9fono\u00bb text=\u00bb03755 &#8211; 15643082&#8243; tab=\u00bbTel\u00e9fono\u00bb][chase_help_item con_icon=\u00bbicon-ic-28&#8243; title=\u00bbCorreo\u00bb text=\u00bbfilmsmugre@gmail.com\u00bb tab=\u00bbCorreo\u00bb][\/chase_help][vc_empty_space height=\u00bb22px\u00bb][\/vc_column][vc_column width=\u00bb1\/6&#8243;][\/vc_column][\/vc_row][vc_row][vc_column width=\u00bb1\/4&#8243;][\/vc_column][vc_column width=\u00bb1\/2&#8243;][chase_text]<span style=\"color: #000000;\"><strong>Sitio web:<br \/>\n<\/strong>No disponible<\/span>[\/chase_text][chase_text]<span style=\"color: #000000;\"><strong>Redes Sociales:<\/strong><\/span><br \/>\n<a href=\"https:\/\/www.instagram.com\/mugrefilms\/\">https:\/\/www.instagram.com\/mugrefilms\/<\/a>[\/chase_text][chase_text]<span style=\"color: #000000;\"><strong>Trabajos de la productora:<\/strong><\/span><br \/>\n<a href=\"https:\/\/drive.google.com\/drive\/u\/1\/folders\/11lIVA3YOxqsoGHOo2iQLEpSmJOZmcxg6\">https:\/\/drive.google.com\/drive\/u\/1\/folders\/11lIVA3YOxqsoGHOo2iQLEpSmJOZmcxg6<\/a><\/p>\n<p><a href=\"https:\/\/drive.google.com\/drive\/u\/1\/folders\/1Cgk56JbDPHDmU2GwfjjvfmU6gGJcs3Z5\">https:\/\/drive.google.com\/drive\/u\/1\/folders\/1Cgk56JbDPHDmU2GwfjjvfmU6gGJcs3Z5<\/a>[\/chase_text][\/vc_column][vc_column width=\u00bb1\/4&#8243;][\/vc_column][\/vc_row][vc_row][vc_column][vc_empty_space][\/vc_column][\/vc_row]<\/p>\n<\/div>","protected":false},"excerpt":{"rendered":"<p>[vc_row][vc_column][chase_text] MUGRE FILMS [\/chase_text][\/vc_column][\/vc_row][vc_row][vc_column width=\u00bb1\/4&#8243;][vc_single_image image=\u00bb2537&#8243; img_size=\u00bbfull\u00bb alignment=\u00bbcenter\u00bb css=\u00bb\u00bb][\/vc_column][vc_column width=\u00bb3\/4&#8243;][chase_text]Productora audiovisual\u00a0que se enfoca en la creaci\u00f3n de contenido de ficci\u00f3n y documental con relevancia social y pol\u00edtica.\u00a0[\/chase_text][\/vc_column][\/vc_row][vc_row][vc_column width=\u00bb1\/6&#8243;][\/vc_column][vc_column width=\u00bb2\/3&#8243;][chase_text] Benjam\u00edn E. Correa [\/chase_text][chase_help][chase_help_item con_icon=\u00bbicon-ic-77&#8243; title=\u00bbLocalidad\u00bb text=\u00bbOber\u00e1 &#8211; Misiones\u00bb tab=\u00bbLocalidad\u00bb][chase_help_item con_icon=\u00bbicon-ic-58&#8243; title=\u00bbDirecci\u00f3n Postal\u00bb text=\u00bbAvda. tucum\u00e1n 630 (3360)\u00bb tab=\u00bbDirecci\u00f3n Postal\u00bb][chase_help_item con_icon=\u00bbicon-ic-29&#8243; title=\u00bbTel\u00e9fono\u00bb text=\u00bb03755 &#8211; 15643082&#8243; tab=\u00bbTel\u00e9fono\u00bb][chase_help_item con_icon=\u00bbicon-ic-28&#8243; [&hellip;]<\/p>\n","protected":false},"author":1,"featured_media":0,"parent":0,"menu_order":0,"comment_status":"closed","ping_status":"closed","template":"","meta":{"footnotes":""},"class_list":["post-2535","page","type-page","status-publish","hentry"],"_links":{"self":[{"href":"https:\/\/www.filmmisiones.iaavim.gob.ar\/index.php?rest_route=\/wp\/v2\/pages\/2535","targetHints":{"allow":["GET"]}}],"collection":[{"href":"https:\/\/www.filmmisiones.iaavim.gob.ar\/index.php?rest_route=\/wp\/v2\/pages"}],"about":[{"href":"https:\/\/www.filmmisiones.iaavim.gob.ar\/index.php?rest_route=\/wp\/v2\/types\/page"}],"author":[{"embeddable":true,"href":"https:\/\/www.filmmisiones.iaavim.gob.ar\/index.php?rest_route=\/wp\/v2\/users\/1"}],"replies":[{"embeddable":true,"href":"https:\/\/www.filmmisiones.iaavim.gob.ar\/index.php?rest_route=%2Fwp%2Fv2%2Fcomments&post=2535"}],"version-history":[{"count":5,"href":"https:\/\/www.filmmisiones.iaavim.gob.ar\/index.php?rest_route=\/wp\/v2\/pages\/2535\/revisions"}],"predecessor-version":[{"id":2541,"href":"https:\/\/www.filmmisiones.iaavim.gob.ar\/index.php?rest_route=\/wp\/v2\/pages\/2535\/revisions\/2541"}],"wp:attachment":[{"href":"https:\/\/www.filmmisiones.iaavim.gob.ar\/index.php?rest_route=%2Fwp%2Fv2%2Fmedia&parent=2535"}],"curies":[{"name":"wp","href":"https:\/\/api.w.org\/{rel}","templated":true}]}}