{"id":2492,"date":"2024-09-20T02:54:29","date_gmt":"2024-09-20T00:54:29","guid":{"rendered":"https:\/\/www.filmmisiones.iaavim.gob.ar\/?page_id=2492"},"modified":"2024-11-17T12:49:09","modified_gmt":"2024-11-17T15:49:09","slug":"arcoiris-cine","status":"publish","type":"page","link":"https:\/\/www.filmmisiones.iaavim.gob.ar\/?page_id=2492","title":{"rendered":"Arcoiris CINE"},"content":{"rendered":"<div class=\"wpb-content-wrapper\"><p>[vc_row][vc_column][chase_text]<\/p>\n<h1 style=\"text-align: center;\">Arcoiris CINE<\/h1>\n<p>[\/chase_text][\/vc_column][\/vc_row][vc_row][vc_column width=\u00bb1\/4&#8243;][vc_single_image image=\u00bb2496&#8243; img_size=\u00bbmedium\u00bb alignment=\u00bbcenter\u00bb css=\u00bb\u00bb][\/vc_column][vc_column width=\u00bb3\/4&#8243;][chase_text]<span style=\"color: #000000;\">ARCOIRIS CINE es una productora audiovisual de Posadas Argentina, con sede en<\/span><br \/>\n<span style=\"color: #000000;\">Florian\u00f3polis Brasil, que trabaja sobre la base de los ODS (Objetivos de Desarrollo<\/span><br \/>\n<span style=\"color: #000000;\">Sostenible) con temas como la diversidad de g\u00e9nero, el medio ambiente, los<\/span><br \/>\n<span style=\"color: #000000;\">derechos humanos y la accesibilidad. Desarrollamos, producimos y distribuimos<\/span><br \/>\n<span style=\"color: #000000;\">pel\u00edculas de ficci\u00f3n y documentales.<\/span>[\/chase_text][\/vc_column][\/vc_row][vc_row][vc_column width=\u00bb1\/6&#8243;][\/vc_column][vc_column width=\u00bb2\/3&#8243;][chase_text]<\/p>\n<p style=\"text-align: center;\"><img loading=\"lazy\" decoding=\"async\" class=\"wp-image-2440 aligncenter\" src=\"https:\/\/sdanielgf.ar\/lab\/iaavim\/wp-content\/uploads\/2024\/07\/iconografia-casas-productoras_contacto.png\" alt=\"\" width=\"50\" height=\"50\" \/> Aimar\u00e1 Schwieters &#8211; Wally Monz\u00f3n &#8211; Laura Zapalowsky &#8211; Natalia Romero &#8211; Melanie Gamonal<br \/>\n&#8211; Gast\u00f3n Canci\u00f3n &#8211; Fernando Lazzarini &#8211; Makarena Bordon<\/p>\n<p>[\/chase_text][chase_help][chase_help_item con_icon=\u00bbicon-ic-77&#8243; title=\u00bbLocalidad\u00bb text=\u00bbPosadas, Misiones\u00bb tab=\u00bbLocalidad\u00bb][chase_help_item con_icon=\u00bbicon-ic-58&#8243; title=\u00bbDirecci\u00f3n Postal\u00bb text=\u00bbEntre R\u00edos 2133&#8243; tab=\u00bbDirecci\u00f3n Postal\u00bb][chase_help_item con_icon=\u00bbicon-ic-29&#8243; title=\u00bbTel\u00e9fono\u00bb text=\u00bb1165697748&#8243; tab=\u00bbTel\u00e9fono\u00bb][chase_help_item con_icon=\u00bbicon-ic-28&#8243; title=\u00bbCorreo\u00bb text=\u00bbcineyarcoiris@gmail.com\u00bb tab=\u00bbCorreo\u00bb][\/chase_help][vc_empty_space height=\u00bb22px\u00bb][\/vc_column][vc_column width=\u00bb1\/6&#8243;][\/vc_column][\/vc_row][vc_row][vc_column width=\u00bb1\/5&#8243;][\/vc_column][vc_column width=\u00bb1\/5&#8243;][chase_text]<span style=\"color: #000000;\"><strong>Sitio web:<\/strong><br \/>\n<\/span>En construcci\u00f3n[\/chase_text][\/vc_column][vc_column width=\u00bb1\/5&#8243;][chase_text]<span style=\"color: #000000;\"><strong>Redes Sociales:<\/strong><\/span><br \/>\n<a href=\"https:\/\/www.instagram.com\/cineyarcoiris\">@cineyarcoiris<\/a>[\/chase_text][\/vc_column][vc_column width=\u00bb1\/5&#8243;][\/vc_column][vc_column width=\u00bb1\/5&#8243;][\/vc_column][\/vc_row][vc_row][vc_column width=\u00bb1\/4&#8243;][\/vc_column][vc_column width=\u00bb1\/2&#8243;][chase_text]<span style=\"color: #333300;\"><strong>Trabajos de la productora:<\/strong><\/span><br \/>\n<span style=\"color: #333300;\">Mercados:<\/span><br \/>\n<span style=\"color: #333300;\">\u25cf N2b NORONHA F\u00d3RUM FILM COMMISSION 2024<\/span><\/p>\n<p><span style=\"color: #333300;\">Proyectos<\/span><br \/>\n<span style=\"color: #333300;\">\u25cf MUSA, de Katia Acosta &#8211; Producci\u00f3n Existir Cine &#8211; Arcoiris Cine (Argentina) &#8211; Cine<\/span><br \/>\n<span style=\"color: #333300;\">Teatro del Centro &#8211; Otro mundo (Paraguay).<\/span><br \/>\n<span style=\"color: #333300;\">\u25cf Mant\u00e9n tu Runway &#8211; Natalia Romero &#8211; Supercolor y Arcoiris Cine<\/span><br \/>\n<span style=\"color: #333300;\">\u25cf Sue\u00f1ario &#8211; El Or\u00e1culo de la Noche, Fernando Lazzarini (BR) &#8211; Coproducci\u00f3n entre<\/span><br \/>\n<span style=\"color: #333300;\">Arcoiris Cine y Arand\u00fa Filmes<\/span><br \/>\n<span style=\"color: #333300;\">\u25cf Sue\u00f1o pl\u00e1stico &#8211; Videoarte- Melanie Gamonal<\/span><br \/>\n<span style=\"color: #333300;\">\u25cf Viracambota &#8211; Gast\u00f3n L\u00f3pez<\/span>[\/chase_text][vc_empty_space][\/vc_column][vc_column width=\u00bb1\/4&#8243;][\/vc_column][\/vc_row]<\/p>\n<\/div>","protected":false},"excerpt":{"rendered":"<p>[vc_row][vc_column][chase_text] Arcoiris CINE [\/chase_text][\/vc_column][\/vc_row][vc_row][vc_column width=\u00bb1\/4&#8243;][vc_single_image image=\u00bb2496&#8243; img_size=\u00bbmedium\u00bb alignment=\u00bbcenter\u00bb css=\u00bb\u00bb][\/vc_column][vc_column width=\u00bb3\/4&#8243;][chase_text]ARCOIRIS CINE es una productora audiovisual de Posadas Argentina, con sede en Florian\u00f3polis Brasil, que trabaja sobre la base de los ODS (Objetivos de Desarrollo Sostenible) con temas como la diversidad de g\u00e9nero, el medio ambiente, los derechos humanos y la accesibilidad. Desarrollamos, producimos y distribuimos [&hellip;]<\/p>\n","protected":false},"author":1,"featured_media":0,"parent":0,"menu_order":0,"comment_status":"closed","ping_status":"closed","template":"","meta":{"footnotes":""},"class_list":["post-2492","page","type-page","status-publish","hentry"],"_links":{"self":[{"href":"https:\/\/www.filmmisiones.iaavim.gob.ar\/index.php?rest_route=\/wp\/v2\/pages\/2492","targetHints":{"allow":["GET"]}}],"collection":[{"href":"https:\/\/www.filmmisiones.iaavim.gob.ar\/index.php?rest_route=\/wp\/v2\/pages"}],"about":[{"href":"https:\/\/www.filmmisiones.iaavim.gob.ar\/index.php?rest_route=\/wp\/v2\/types\/page"}],"author":[{"embeddable":true,"href":"https:\/\/www.filmmisiones.iaavim.gob.ar\/index.php?rest_route=\/wp\/v2\/users\/1"}],"replies":[{"embeddable":true,"href":"https:\/\/www.filmmisiones.iaavim.gob.ar\/index.php?rest_route=%2Fwp%2Fv2%2Fcomments&post=2492"}],"version-history":[{"count":13,"href":"https:\/\/www.filmmisiones.iaavim.gob.ar\/index.php?rest_route=\/wp\/v2\/pages\/2492\/revisions"}],"predecessor-version":[{"id":2922,"href":"https:\/\/www.filmmisiones.iaavim.gob.ar\/index.php?rest_route=\/wp\/v2\/pages\/2492\/revisions\/2922"}],"wp:attachment":[{"href":"https:\/\/www.filmmisiones.iaavim.gob.ar\/index.php?rest_route=%2Fwp%2Fv2%2Fmedia&parent=2492"}],"curies":[{"name":"wp","href":"https:\/\/api.w.org\/{rel}","templated":true}]}}