{"id":2422,"date":"2024-08-30T00:07:37","date_gmt":"2024-08-29T22:07:37","guid":{"rendered":"https:\/\/www.filmmisiones.iaavim.gob.ar\/?page_id=2422"},"modified":"2024-08-30T15:19:42","modified_gmt":"2024-08-30T13:19:42","slug":"montecine","status":"publish","type":"page","link":"https:\/\/www.filmmisiones.iaavim.gob.ar\/?page_id=2422","title":{"rendered":"Monte Cine"},"content":{"rendered":"<div class=\"wpb-content-wrapper\"><p>[vc_row][vc_column][chase_text]<\/p>\n<h1 style=\"text-align: center;\">Monte Cine<\/h1>\n<p>[\/chase_text][\/vc_column][\/vc_row][vc_row][vc_column width=\u00bb1\/4&#8243;][vc_single_image image=\u00bb2424&#8243; img_size=\u00bbfull\u00bb alignment=\u00bbcenter\u00bb css=\u00bb\u00bb][\/vc_column][vc_column width=\u00bb3\/4&#8243;][chase_text]<\/p>\n<p style=\"text-align: justify;\"><strong>Fundada en 2018, Montecine es una empresa\u00a0que se dedica a ofrecer servicios integrales de producci\u00f3n y comunicaci\u00f3n, as\u00ed como a la realizaci\u00f3n de pel\u00edculas y documentales, comprometidos\u00a0a fusionar una visi\u00f3n art\u00edstica y disruptiva.<\/strong><\/p>\n<p>[\/chase_text][\/vc_column][\/vc_row][vc_row][vc_column width=\u00bb1\/6&#8243;][\/vc_column][vc_column width=\u00bb2\/3&#8243;][chase_text]<\/p>\n<p style=\"text-align: center;\"><img loading=\"lazy\" decoding=\"async\" class=\"wp-image-2440 aligncenter\" src=\"https:\/\/sdanielgf.ar\/lab\/iaavim\/wp-content\/uploads\/2024\/07\/iconografia-casas-productoras_contacto.png\" alt=\"\" width=\"50\" height=\"50\" \/> <strong>Yamila Barnasthpol &#8211; Diego Bellocchio<\/strong><\/p>\n<p>[\/chase_text][chase_help][chase_help_item con_icon=\u00bbicon-ic-77&#8243; title=\u00bbLocalidad\u00bb text=\u00bbPosadas, Misiones\u00bb tab=\u00bbLocalidad\u00bb][chase_help_item con_icon=\u00bbicon-ic-58&#8243; title=\u00bbDirecci\u00f3n Postal\u00bb text=\u00bbBer\u00f3n de Astrada 2835&#8243; tab=\u00bbDirecci\u00f3n Postal\u00bb][chase_help_item con_icon=\u00bbicon-ic-29&#8243; title=\u00bbTel\u00e9fono\u00bb text=\u00bb3764-669201\/3765-012154&#8243; tab=\u00bbTel\u00e9fono\u00bb][chase_help_item con_icon=\u00bbicon-ic-28&#8243; title=\u00bbCorreo\u00bb text=\u00bbmontecine.misiones@gmail.com\u00bb tab=\u00bbCorreo\u00bb][\/chase_help][vc_empty_space height=\u00bb22px\u00bb][\/vc_column][vc_column width=\u00bb1\/6&#8243;][\/vc_column][\/vc_row][vc_row][vc_column width=\u00bb1\/4&#8243;][\/vc_column][vc_column width=\u00bb1\/4&#8243;][chase_text]<span style=\"color: #000000;\"><strong>Sitio web:<\/strong><br \/>\n<\/span>No disponible.[\/chase_text][\/vc_column][vc_column width=\u00bb1\/4&#8243;][chase_text]<span style=\"color: #000000;\"><strong>Redes Sociales:<\/strong><\/span><br \/>\n<a href=\"https:\/\/www.instagram.com\/montecinemisiones\/\" target=\"_blank\" rel=\"noopener\">Instagram<\/a>[\/chase_text][\/vc_column][vc_column width=\u00bb1\/4&#8243;][\/vc_column][\/vc_row][vc_row][vc_column width=\u00bb1\/4&#8243;][\/vc_column][vc_column width=\u00bb1\/2&#8243;][chase_text]<span style=\"color: #000000;\"><strong>Trabajos de la productora:<\/strong><\/span><\/p>\n<p><strong>COMUNICACION INSTITUCIONAL<\/strong><\/p>\n<p><strong><a href=\"https:\/\/www.instagram.com\/p\/C-74EsyuW17\/\" target=\"_blank\" rel=\"noopener noreferrer\" data-saferedirecturl=\"https:\/\/www.google.com\/url?q=https:\/\/www.instagram.com\/p\/C-74EsyuW17\/&amp;source=gmail&amp;ust=1725055541597000&amp;usg=AOvVaw1F36X0hmsL5WZZjQOuhdRj\">https:\/\/www.instagram.com\/p\/C-<wbr \/>74EsyuW17\/<\/a><\/strong><\/p>\n<p><strong><a href=\"https:\/\/www.instagram.com\/p\/C766Ty5xyXw\/\" target=\"_blank\" rel=\"noopener noreferrer\" data-saferedirecturl=\"https:\/\/www.google.com\/url?q=https:\/\/www.instagram.com\/p\/C766Ty5xyXw\/&amp;source=gmail&amp;ust=1725055541597000&amp;usg=AOvVaw1_pKnEDEweUuA0TPBfkGqC\">https:\/\/www.instagram.com\/p\/<wbr \/>C766Ty5xyXw\/<\/a><\/strong><\/p>\n<p><strong>CAMPA\u00d1AS<\/strong><\/p>\n<p><strong><a href=\"https:\/\/www.instagram.com\/p\/Cvcbyrxgkdl\/\" target=\"_blank\" rel=\"noopener noreferrer\" data-saferedirecturl=\"https:\/\/www.google.com\/url?q=https:\/\/www.instagram.com\/p\/Cvcbyrxgkdl\/&amp;source=gmail&amp;ust=1725055541598000&amp;usg=AOvVaw07ZdYI0Fwrt666pt58PwOk\">https:\/\/www.instagram.com\/p\/<wbr \/>Cvcbyrxgkdl\/<\/a><\/strong><\/p>\n<p><strong><a href=\"https:\/\/www.instagram.com\/p\/Cry2v9Ygo9J\/\" target=\"_blank\" rel=\"noopener noreferrer\" data-saferedirecturl=\"https:\/\/www.google.com\/url?q=https:\/\/www.instagram.com\/p\/Cry2v9Ygo9J\/&amp;source=gmail&amp;ust=1725055541598000&amp;usg=AOvVaw0N99XFGcah3eFPB9ig908E\">https:\/\/www.instagram.com\/p\/<wbr \/>Cry2v9Ygo9J\/<\/a><\/strong><\/p>\n<p><strong><a href=\"https:\/\/www.instagram.com\/p\/C4avuLrOLDe\/\" target=\"_blank\" rel=\"noopener noreferrer\" data-saferedirecturl=\"https:\/\/www.google.com\/url?q=https:\/\/www.instagram.com\/p\/C4avuLrOLDe\/&amp;source=gmail&amp;ust=1725055541598000&amp;usg=AOvVaw2iF7ZL_v3IckOPLNECnwQc\">https:\/\/www.instagram.com\/p\/<wbr \/>C4avuLrOLDe\/<\/a><\/strong><\/p>\n<p><strong>CICLOS<\/strong><\/p>\n<p><strong><a href=\"https:\/\/www.youtube.com\/watch?v=0ZfkBOnWLKo&amp;t=4s\" target=\"_blank\" rel=\"noopener noreferrer\" data-saferedirecturl=\"https:\/\/www.google.com\/url?q=https:\/\/www.youtube.com\/watch?v%3D0ZfkBOnWLKo%26t%3D4s&amp;source=gmail&amp;ust=1725055541598000&amp;usg=AOvVaw2BECuES1E9Mye9p9UC68gQ\">https:\/\/www.youtube.com\/watch?<wbr \/>v=0ZfkBOnWLKo&amp;t=4s<\/a><\/strong><\/p>\n<p><strong><a href=\"https:\/\/www.youtube.com\/watch?v=wPGcHD5fJRA\" target=\"_blank\" rel=\"noopener noreferrer\" data-saferedirecturl=\"https:\/\/www.google.com\/url?q=https:\/\/www.youtube.com\/watch?v%3DwPGcHD5fJRA&amp;source=gmail&amp;ust=1725055541598000&amp;usg=AOvVaw3CZlOKfJaU-r86fJ0UAQ7r\">https:\/\/www.youtube.com\/watch?<wbr \/>v=wPGcHD5fJRA<\/a><\/strong><\/p>\n<p><strong><a href=\"https:\/\/www.instagram.com\/p\/CXwhzUCDwZy\/\" target=\"_blank\" rel=\"noopener noreferrer\" data-saferedirecturl=\"https:\/\/www.google.com\/url?q=https:\/\/www.instagram.com\/p\/CXwhzUCDwZy\/&amp;source=gmail&amp;ust=1725055541598000&amp;usg=AOvVaw3PKq3VpsXEcSYNfzRI7WT1\">https:\/\/www.instagram.com\/p\/<wbr \/>CXwhzUCDwZy\/<\/a><\/strong><\/p>\n<p><strong><a href=\"https:\/\/www.instagram.com\/p\/CWdR1R8pcUA\/\" target=\"_blank\" rel=\"noopener noreferrer\" data-saferedirecturl=\"https:\/\/www.google.com\/url?q=https:\/\/www.instagram.com\/p\/CWdR1R8pcUA\/&amp;source=gmail&amp;ust=1725055541598000&amp;usg=AOvVaw1ej2wxQjwjYLr6GzHy4RsM\">https:\/\/www.instagram.com\/p\/<wbr \/>CWdR1R8pcUA\/<\/a><\/strong><\/p>\n<p><strong>CINE<\/strong><\/p>\n<p><strong><a href=\"https:\/\/www.youtube.com\/watch?v=-YbwPl2xrZs\" target=\"_blank\" rel=\"noopener noreferrer\" data-saferedirecturl=\"https:\/\/www.google.com\/url?q=https:\/\/www.youtube.com\/watch?v%3D-YbwPl2xrZs&amp;source=gmail&amp;ust=1725055541598000&amp;usg=AOvVaw1py1iykxgg3t4ywzzCyAKv\">https:\/\/www.youtube.com\/watch?<wbr \/>v=-YbwPl2xrZs<\/a><\/strong><\/p>\n<p><strong><a href=\"https:\/\/www.youtube.com\/watch?v=F1V_GfQr-Bk&amp;t=9s\" target=\"_blank\" rel=\"noopener noreferrer\" data-saferedirecturl=\"https:\/\/www.google.com\/url?q=https:\/\/www.youtube.com\/watch?v%3DF1V_GfQr-Bk%26t%3D9s&amp;source=gmail&amp;ust=1725055541598000&amp;usg=AOvVaw2JeWBPpsBc3bBDXeCptsEi\">https:\/\/www.youtube.com\/watch?<wbr \/>v=F1V_GfQr-Bk&amp;t=9s<\/a><\/strong><\/p>\n<p><strong><a href=\"https:\/\/www.youtube.com\/watch?v=xwSriUlbEDg\" target=\"_blank\" rel=\"noopener noreferrer\" data-saferedirecturl=\"https:\/\/www.google.com\/url?q=https:\/\/www.youtube.com\/watch?v%3DxwSriUlbEDg&amp;source=gmail&amp;ust=1725055541598000&amp;usg=AOvVaw0OuPERtUOZDDxY4VLEzjoV\">https:\/\/www.youtube.com\/watch?<wbr \/>v=xwSriUlbEDg<\/a><\/strong><\/p>\n<p><strong><a href=\"https:\/\/www.youtube.com\/watch?v=fmWcsGkXKR4&amp;t=651s\" target=\"_blank\" rel=\"noopener noreferrer\" data-saferedirecturl=\"https:\/\/www.google.com\/url?q=https:\/\/www.youtube.com\/watch?v%3DfmWcsGkXKR4%26t%3D651s&amp;source=gmail&amp;ust=1725055541598000&amp;usg=AOvVaw3NRz8wifOzFUEOeeMobka1\">https:\/\/www.youtube.com\/watch?<wbr \/>v=fmWcsGkXKR4&amp;t=651s<\/a><\/strong><\/p>\n<p><strong><a href=\"https:\/\/www.youtube.com\/watch?v=jQr8251bpno\" target=\"_blank\" rel=\"noopener noreferrer\" data-saferedirecturl=\"https:\/\/www.google.com\/url?q=https:\/\/www.youtube.com\/watch?v%3DjQr8251bpno&amp;source=gmail&amp;ust=1725055541598000&amp;usg=AOvVaw0_v9UerHZuXcxhxOOE8EpR\">https:\/\/www.youtube.com\/watch?<wbr \/>v=jQr8251bpno<\/a><\/strong>[\/chase_text][\/vc_column][vc_column width=\u00bb1\/4&#8243;][\/vc_column][\/vc_row][vc_row][vc_column][vc_empty_space][\/vc_column][\/vc_row]<\/p>\n<\/div>","protected":false},"excerpt":{"rendered":"<p>[vc_row][vc_column][chase_text] Monte Cine [\/chase_text][\/vc_column][\/vc_row][vc_row][vc_column width=\u00bb1\/4&#8243;][vc_single_image image=\u00bb2424&#8243; img_size=\u00bbfull\u00bb alignment=\u00bbcenter\u00bb css=\u00bb\u00bb][\/vc_column][vc_column width=\u00bb3\/4&#8243;][chase_text] Fundada en 2018, Montecine es una empresa\u00a0que se dedica a ofrecer servicios integrales de producci\u00f3n y comunicaci\u00f3n, as\u00ed como a la realizaci\u00f3n de pel\u00edculas y documentales, comprometidos\u00a0a fusionar una visi\u00f3n art\u00edstica y disruptiva. [\/chase_text][\/vc_column][\/vc_row][vc_row][vc_column width=\u00bb1\/6&#8243;][\/vc_column][vc_column width=\u00bb2\/3&#8243;][chase_text] Yamila Barnasthpol &#8211; Diego Bellocchio [\/chase_text][chase_help][chase_help_item con_icon=\u00bbicon-ic-77&#8243; title=\u00bbLocalidad\u00bb text=\u00bbPosadas, [&hellip;]<\/p>\n","protected":false},"author":1,"featured_media":0,"parent":0,"menu_order":0,"comment_status":"closed","ping_status":"closed","template":"","meta":{"footnotes":""},"class_list":["post-2422","page","type-page","status-publish","hentry"],"_links":{"self":[{"href":"https:\/\/www.filmmisiones.iaavim.gob.ar\/index.php?rest_route=\/wp\/v2\/pages\/2422","targetHints":{"allow":["GET"]}}],"collection":[{"href":"https:\/\/www.filmmisiones.iaavim.gob.ar\/index.php?rest_route=\/wp\/v2\/pages"}],"about":[{"href":"https:\/\/www.filmmisiones.iaavim.gob.ar\/index.php?rest_route=\/wp\/v2\/types\/page"}],"author":[{"embeddable":true,"href":"https:\/\/www.filmmisiones.iaavim.gob.ar\/index.php?rest_route=\/wp\/v2\/users\/1"}],"replies":[{"embeddable":true,"href":"https:\/\/www.filmmisiones.iaavim.gob.ar\/index.php?rest_route=%2Fwp%2Fv2%2Fcomments&post=2422"}],"version-history":[{"count":9,"href":"https:\/\/www.filmmisiones.iaavim.gob.ar\/index.php?rest_route=\/wp\/v2\/pages\/2422\/revisions"}],"predecessor-version":[{"id":2487,"href":"https:\/\/www.filmmisiones.iaavim.gob.ar\/index.php?rest_route=\/wp\/v2\/pages\/2422\/revisions\/2487"}],"wp:attachment":[{"href":"https:\/\/www.filmmisiones.iaavim.gob.ar\/index.php?rest_route=%2Fwp%2Fv2%2Fmedia&parent=2422"}],"curies":[{"name":"wp","href":"https:\/\/api.w.org\/{rel}","templated":true}]}}