{"id":2383,"date":"2024-08-29T23:02:31","date_gmt":"2024-08-29T21:02:31","guid":{"rendered":"https:\/\/www.filmmisiones.iaavim.gob.ar\/?page_id=2383"},"modified":"2024-08-29T23:03:13","modified_gmt":"2024-08-29T21:03:13","slug":"diversidad-cultural","status":"publish","type":"page","link":"https:\/\/www.filmmisiones.iaavim.gob.ar\/?page_id=2383","title":{"rendered":"Diversidad Cultural"},"content":{"rendered":"<div class=\"wpb-content-wrapper\"><p>[vc_row full_width=\u00bbstretch_row_content\u00bb][vc_column][chase_heading overlay=\u00bbyes\u00bb title=\u00bbDiversidad Cultural\u00bb image=\u00bb2381&#8243;][\/vc_column][\/vc_row][vc_row][vc_column][chase_text]<\/p>\n<p style=\"text-align: center;\">Misiones se presenta como un verdadero crisol cultural. Este territorio es un punto de encuentro en el que convergen las tradiciones de los pueblos originarios con la influencia de inmigrantes europeos llegados a fines del siglo XIX y principios del siglo XX. Esta uni\u00f3n de sabidur\u00eda y conocimientos ha enriquecido la cultura misionera manifest\u00e1ndose en su gastronom\u00eda, sus artes y sus festividades, creando una identidad colectiva \u00fanica que celebra sus ra\u00edces y pluralidad. Otro aspecto vital de gran influencia es su deslumbrante biodiversidad \u2013fuente inagotable de inspiraci\u00f3n- que refleja la profunda conexi\u00f3n con el entorno. Misiones es un ejemplo de diversidad cultural, donde lo aut\u00f3ctono y lo inmigrante se entrelazan en un continuo intercambio de saberes, costumbres y modos de vida.<\/p>\n<p>[\/chase_text][vc_empty_space][\/vc_column][\/vc_row]<\/p>\n<\/div>","protected":false},"excerpt":{"rendered":"<p>[vc_row full_width=\u00bbstretch_row_content\u00bb][vc_column][chase_heading overlay=\u00bbyes\u00bb title=\u00bbDiversidad Cultural\u00bb image=\u00bb2381&#8243;][\/vc_column][\/vc_row][vc_row][vc_column][chase_text] Misiones se presenta como un verdadero crisol cultural. Este territorio es un punto de encuentro en el que convergen las tradiciones de los pueblos originarios con la influencia de inmigrantes europeos llegados a fines del siglo XIX y principios del siglo XX. Esta uni\u00f3n de sabidur\u00eda y conocimientos ha [&hellip;]<\/p>\n","protected":false},"author":1,"featured_media":0,"parent":0,"menu_order":0,"comment_status":"closed","ping_status":"closed","template":"","meta":{"footnotes":""},"class_list":["post-2383","page","type-page","status-publish","hentry"],"_links":{"self":[{"href":"https:\/\/www.filmmisiones.iaavim.gob.ar\/index.php?rest_route=\/wp\/v2\/pages\/2383","targetHints":{"allow":["GET"]}}],"collection":[{"href":"https:\/\/www.filmmisiones.iaavim.gob.ar\/index.php?rest_route=\/wp\/v2\/pages"}],"about":[{"href":"https:\/\/www.filmmisiones.iaavim.gob.ar\/index.php?rest_route=\/wp\/v2\/types\/page"}],"author":[{"embeddable":true,"href":"https:\/\/www.filmmisiones.iaavim.gob.ar\/index.php?rest_route=\/wp\/v2\/users\/1"}],"replies":[{"embeddable":true,"href":"https:\/\/www.filmmisiones.iaavim.gob.ar\/index.php?rest_route=%2Fwp%2Fv2%2Fcomments&post=2383"}],"version-history":[{"count":2,"href":"https:\/\/www.filmmisiones.iaavim.gob.ar\/index.php?rest_route=\/wp\/v2\/pages\/2383\/revisions"}],"predecessor-version":[{"id":2385,"href":"https:\/\/www.filmmisiones.iaavim.gob.ar\/index.php?rest_route=\/wp\/v2\/pages\/2383\/revisions\/2385"}],"wp:attachment":[{"href":"https:\/\/www.filmmisiones.iaavim.gob.ar\/index.php?rest_route=%2Fwp%2Fv2%2Fmedia&parent=2383"}],"curies":[{"name":"wp","href":"https:\/\/api.w.org\/{rel}","templated":true}]}}