{"id":2370,"date":"2024-08-29T22:53:11","date_gmt":"2024-08-29T20:53:11","guid":{"rendered":"https:\/\/www.filmmisiones.iaavim.gob.ar\/?page_id=2370"},"modified":"2025-02-20T12:22:45","modified_gmt":"2025-02-20T15:22:45","slug":"pueblos-originarios","status":"publish","type":"page","link":"https:\/\/www.filmmisiones.iaavim.gob.ar\/?page_id=2370","title":{"rendered":"Pueblos Originarios"},"content":{"rendered":"<div class=\"wpb-content-wrapper\"><p>[vc_row full_width=\u00bbstretch_row_content\u00bb][vc_column][chase_heading overlay=\u00bbyes\u00bb title=\u00bbPueblos Originarios\u00bb image=\u00bb2323&#8243;][\/vc_column][\/vc_row][vc_row][vc_column][chase_text]<\/p>\n<p style=\"text-align: center;\">Los mbya, pueblos originarios de nuestra provincia, tienen una profunda valoraci\u00f3n hacia la naturaleza que los rodea, as\u00ed como su lengua ancestral y sus tradiciones orales que son transmitidas de generaci\u00f3n en generaci\u00f3n. Estos pueblos mantienen vivos sus rituales comunitarios, que no solo refuerzan la cohesi\u00f3n social entre sus miembros, sino que tambi\u00e9n son una expresi\u00f3n de su identidad cultural. Su rica cosmovisi\u00f3n, manifestada en sus pr\u00e1cticas espirituales y en su relaci\u00f3n con el entorno natural, refleja una comprensi\u00f3n hol\u00edstica del mundo que los alberga en la que cada elemento tiene un significado profundo y simb\u00f3lico. Los mbya contin\u00faan sosteniendo sus creencias y pr\u00e1cticas, luchando por preservar su legado en un contexto de continuos cambios y desaf\u00edos.<\/p>\n<p>[\/chase_text][vc_empty_space][\/vc_column][\/vc_row]<\/p>\n<\/div>","protected":false},"excerpt":{"rendered":"<p>[vc_row full_width=\u00bbstretch_row_content\u00bb][vc_column][chase_heading overlay=\u00bbyes\u00bb title=\u00bbPueblos Originarios\u00bb image=\u00bb2323&#8243;][\/vc_column][\/vc_row][vc_row][vc_column][chase_text] Los mbya, pueblos originarios de nuestra provincia, tienen una profunda valoraci\u00f3n hacia la naturaleza que los rodea, as\u00ed como su lengua ancestral y sus tradiciones orales que son transmitidas de generaci\u00f3n en generaci\u00f3n. Estos pueblos mantienen vivos sus rituales comunitarios, que no solo refuerzan la cohesi\u00f3n social entre sus [&hellip;]<\/p>\n","protected":false},"author":1,"featured_media":0,"parent":0,"menu_order":0,"comment_status":"closed","ping_status":"closed","template":"","meta":{"footnotes":""},"class_list":["post-2370","page","type-page","status-publish","hentry"],"_links":{"self":[{"href":"https:\/\/www.filmmisiones.iaavim.gob.ar\/index.php?rest_route=\/wp\/v2\/pages\/2370","targetHints":{"allow":["GET"]}}],"collection":[{"href":"https:\/\/www.filmmisiones.iaavim.gob.ar\/index.php?rest_route=\/wp\/v2\/pages"}],"about":[{"href":"https:\/\/www.filmmisiones.iaavim.gob.ar\/index.php?rest_route=\/wp\/v2\/types\/page"}],"author":[{"embeddable":true,"href":"https:\/\/www.filmmisiones.iaavim.gob.ar\/index.php?rest_route=\/wp\/v2\/users\/1"}],"replies":[{"embeddable":true,"href":"https:\/\/www.filmmisiones.iaavim.gob.ar\/index.php?rest_route=%2Fwp%2Fv2%2Fcomments&post=2370"}],"version-history":[{"count":6,"href":"https:\/\/www.filmmisiones.iaavim.gob.ar\/index.php?rest_route=\/wp\/v2\/pages\/2370\/revisions"}],"predecessor-version":[{"id":3063,"href":"https:\/\/www.filmmisiones.iaavim.gob.ar\/index.php?rest_route=\/wp\/v2\/pages\/2370\/revisions\/3063"}],"wp:attachment":[{"href":"https:\/\/www.filmmisiones.iaavim.gob.ar\/index.php?rest_route=%2Fwp%2Fv2%2Fmedia&parent=2370"}],"curies":[{"name":"wp","href":"https:\/\/api.w.org\/{rel}","templated":true}]}}