{"id":2362,"date":"2024-08-29T22:47:21","date_gmt":"2024-08-29T20:47:21","guid":{"rendered":"https:\/\/www.filmmisiones.iaavim.gob.ar\/?page_id=2362"},"modified":"2025-08-14T11:53:01","modified_gmt":"2025-08-14T14:53:01","slug":"rutas-y-caminos","status":"publish","type":"page","link":"https:\/\/www.filmmisiones.iaavim.gob.ar\/?page_id=2362","title":{"rendered":"Rutas y Caminos"},"content":{"rendered":"<div class=\"wpb-content-wrapper\"><p>[vc_row full_width=\u00bbstretch_row_content\u00bb][vc_column][chase_heading overlay=\u00bbyes\u00bb title=\u00bbRutas y Caminos\u00bb image=\u00bb2212&#8243;][\/vc_column][\/vc_row][vc_row][vc_column][chase_text]<\/p>\n<p style=\"text-align: center;\">Partiendo de las ciudades de Posadas o Puerto Iguaz\u00fa, las rutas nacionales 12 y 14 atraviesan toda la amplitud geogr\u00e1fica de la provincia exhibiendo un singular escenario protagonizado por el contraste visual de sus colores entre los verdes intensos que componen a su vegetaci\u00f3n y el rojizo profundo caracter\u00edstico de su suelo, motivo por el cual es com\u00fanmente llamada \u201cTierra Colorada\u201d. La RN N\u00b012 tiene una extensi\u00f3n de 300 kil\u00f3metros -bordea hacia el norte al r\u00edo Paran\u00e1- y la RN N\u00b014 corre paralela al sistema serrano central -columna vertebral de la provincia-. Los caminos de tierra internos que comunican y entrelazan a las localidades pueden ser intransitables los d\u00edas de lluvia, con lo cual recomendamos siempre consultar antes el estado de los mismos.<\/p>\n<p>[\/chase_text][vc_empty_space][\/vc_column][\/vc_row][vc_row][vc_column width=\u00bb1\/3&#8243;][vc_single_image image=\u00bb3330&#8243; img_size=\u00bb1024&#215;720&#8243; alignment=\u00bbcenter\u00bb onclick=\u00bbcustom_link\u00bb img_link_target=\u00bb_blank\u00bb css=\u00bb\u00bb link=\u00bbhttps:\/\/www.filmmisiones.iaavim.gob.ar\/?page_id=3342&#8243;][chase_text]<\/p>\n<p style=\"text-align: center;\"><span style=\"font-family: georgia, palatino, serif;\"><a href=\"https:\/\/www.filmmisiones.iaavim.gob.ar\/?page_id=3342\"><span style=\"font-size: 24pt;\">Ruta Costera 2<\/span><\/a><\/span><\/p>\n<p>[\/chase_text][\/vc_column][vc_column width=\u00bb1\/3&#8243;][vc_single_image image=\u00bb3364&#8243; img_size=\u00bb1024&#215;720&#8243; alignment=\u00bbcenter\u00bb onclick=\u00bbcustom_link\u00bb img_link_target=\u00bb_blank\u00bb css=\u00bb\u00bb link=\u00bbhttps:\/\/www.filmmisiones.iaavim.gob.ar\/?page_id=3371&#8243;][chase_text]<\/p>\n<p style=\"text-align: center;\"><span style=\"font-size: 24pt; font-family: georgia, palatino, serif;\"><a href=\"https:\/\/www.filmmisiones.iaavim.gob.ar\/?page_id=3371\">Ruta Provincial N\u00ba4<\/a><\/span><\/p>\n<p>[\/chase_text][\/vc_column][vc_column width=\u00bb1\/3&#8243;][vc_single_image css=\u00bb\u00bb][chase_text][\/chase_text][\/vc_column][\/vc_row]<\/p>\n<\/div>","protected":false},"excerpt":{"rendered":"<p>[vc_row full_width=\u00bbstretch_row_content\u00bb][vc_column][chase_heading overlay=\u00bbyes\u00bb title=\u00bbRutas y Caminos\u00bb image=\u00bb2212&#8243;][\/vc_column][\/vc_row][vc_row][vc_column][chase_text] Partiendo de las ciudades de Posadas o Puerto Iguaz\u00fa, las rutas nacionales 12 y 14 atraviesan toda la amplitud geogr\u00e1fica de la provincia exhibiendo un singular escenario protagonizado por el contraste visual de sus colores entre los verdes intensos que componen a su vegetaci\u00f3n y el rojizo profundo [&hellip;]<\/p>\n","protected":false},"author":1,"featured_media":0,"parent":0,"menu_order":0,"comment_status":"closed","ping_status":"closed","template":"","meta":{"footnotes":""},"class_list":["post-2362","page","type-page","status-publish","hentry"],"_links":{"self":[{"href":"https:\/\/www.filmmisiones.iaavim.gob.ar\/index.php?rest_route=\/wp\/v2\/pages\/2362","targetHints":{"allow":["GET"]}}],"collection":[{"href":"https:\/\/www.filmmisiones.iaavim.gob.ar\/index.php?rest_route=\/wp\/v2\/pages"}],"about":[{"href":"https:\/\/www.filmmisiones.iaavim.gob.ar\/index.php?rest_route=\/wp\/v2\/types\/page"}],"author":[{"embeddable":true,"href":"https:\/\/www.filmmisiones.iaavim.gob.ar\/index.php?rest_route=\/wp\/v2\/users\/1"}],"replies":[{"embeddable":true,"href":"https:\/\/www.filmmisiones.iaavim.gob.ar\/index.php?rest_route=%2Fwp%2Fv2%2Fcomments&post=2362"}],"version-history":[{"count":17,"href":"https:\/\/www.filmmisiones.iaavim.gob.ar\/index.php?rest_route=\/wp\/v2\/pages\/2362\/revisions"}],"predecessor-version":[{"id":3821,"href":"https:\/\/www.filmmisiones.iaavim.gob.ar\/index.php?rest_route=\/wp\/v2\/pages\/2362\/revisions\/3821"}],"wp:attachment":[{"href":"https:\/\/www.filmmisiones.iaavim.gob.ar\/index.php?rest_route=%2Fwp%2Fv2%2Fmedia&parent=2362"}],"curies":[{"name":"wp","href":"https:\/\/api.w.org\/{rel}","templated":true}]}}