{"id":2299,"date":"2024-08-29T22:09:30","date_gmt":"2024-08-29T20:09:30","guid":{"rendered":"https:\/\/www.filmmisiones.iaavim.gob.ar\/?page_id=2299"},"modified":"2024-11-11T08:36:57","modified_gmt":"2024-11-11T11:36:57","slug":"cataratas-del-iguazu","status":"publish","type":"page","link":"https:\/\/www.filmmisiones.iaavim.gob.ar\/?page_id=2299","title":{"rendered":"Cataratas del Iguaz\u00fa"},"content":{"rendered":"<div class=\"wpb-content-wrapper\"><p>[vc_row full_width=\u00bbstretch_row_content\u00bb][vc_column][vc_single_image image=\u00bb2770&#8243; img_size=\u00bbfull\u00bb alignment=\u00bbcenter\u00bb css=\u00bb\u00bb][\/vc_column][\/vc_row][vc_row][vc_column]<style type=\"text\/css\">\r\n\t\t\t\t .vcmp-carousel-1 {\r\n\t\t\t\t\tcolor:#383838;\t\t\t\t\t \r\n\t\t\t\t }\r\n\t\t\t\t .vcmp-carousel-1 h1 {\r\n\t\t\t\t\tfont-size: !important;\r\n\t\t\t\t }\r\n\t\t\t\t .vcmp-carousel-1 a {\r\n\t\t\t\t\tcolor:#383838;\r\n\t\t\t\t }\r\n\t\t\t\t .vcmp-carousel-1 a:hover {\r\n\t\t\t\t\tcolor:#8a8a8a;\r\n\t\t\t\t }\t\t\t\t\t \t\t\t\t \r\n\t\t\t\t .vcmp-carousel-1 .vcmp-item,\r\n\t\t\t\t .vcmp-carousel-1 .vcmp-image-over .adtheme-icon-plus,\r\n\t\t\t\t .vcmp-carousel-1 .vcmp-image-over .adtheme-icon-search,\r\n\t\t\t\t .vcmp-controls ul li {\r\n\t\t\t\t\tbackground:#ffffff;\r\n\t\t\t\t}\r\n\t\t\t\t.vcmp-carousel-1 .vcmp-item:hover .vcmp-image-over {\r\n\t\t\t\t\tbackground:rgba(0,0,0,0.3);\r\n\t\t\t\t}\r\n\t\t\t\t.vcmp-carousel-1 .vcmp-item .vcmp-title {\r\n\t\t\t\t\tbackground:rgba(0,0,0,0.3);\r\n\t\t\t\t\tcolor:#ffffff;\r\n\t\t\t\t}\t\t\t\t\r\n\t\t\t\t.vcmp-carousel-1 .vcmp-pagination a {\r\n\t\t\t\t\tbackground:#ffffff;\r\n\t\t\t\t}\r\n\t\t\t\t.vcmp-carousel-1 .vcmp-item:hover .vcmp-image-over {\r\n\t\t\t\t\tbackground:rgba(0,0,0,0.3);\r\n\t\t\t\t}\r\n\t\t\t\t.vcmp-carousel-1 .vcmp-image-over .adtheme-icon-plus {\r\n\t\t\t\t\tcolor:#383838;\r\n\t\t\t\t}\r\n\t\t\t\t.vcmp-carousel-1 .vcmp-image-over .adtheme-icon-plus {\r\n\t\t\t\t\tborder-color:#383838;\r\n\t\t\t\t}\t\t\t\t\r\n\t\t\t\t.vcmp-carousel-1 .vcmp-image-over .adtheme-icon-plus:hover,\r\n\t\t\t\t.vcmp-carousel-1 .vcmp-image-over .adtheme-icon-search:hover {\r\n\t\t\t\t\tcolor:#8a8a8a;\r\n\t\t\t\t}\r\n\t\t\t\t.vcmp-carousel-1 .owl-item\t{\r\n\t\t\t\t\tpadding:;\r\n\t\t\t\t}\r\n\t\t\t\t.vcmp-carousel.owl-theme .owl-controls .owl-buttons div {\r\n\t\t\t\t\tbackground:rgba(0,0,0,0.3);\r\n\t\t\t\t}<\/style>\r\n\t\t\t<script>\r\n\t\t\tjQuery(document).ready(function($){\r\n      \t\t\t$(\".vcmp-carousel-1\").owlCarousel({\r\n\t\t\t\t\titems : 4,\r\n\t\t\t\t\tautoPlay: false,\r\n\t\t\t\t\tnavigation: true,\r\n\t\t\t\t\tpagination: true,\r\n\t\t\t\t\titemsTablet: [1025,2],\r\n\t\t\t\t\titemsMobile: [479,1],\r\n\t\t\t\t\tnavigationText: ['<i class=\"adtheme-icon-arrow-left\"><\/i>','<i class=\"adtheme-icon-arrow-right\"><\/i>'] \t\t\t\t\r\n\t\t\t\t});\r\n\t\t\t});\r\n\t\t\t<\/script><script type=\"text\/javascript\">\t\r\n\t\t\t\t\t\t\t\tjQuery(document).ready(function($){\r\n\t\t\t\t\t\t\t\t\t$('.vcmp-carousel-1 .vcmp-zoom-image').magnificPopup({\r\n\t\t\t\t\t\t\t\t\t\ttype: 'image',\r\n\t\t\t\t\t\t\t\t\t\t\tgallery:{\r\n\t\t\t\t\t\t\t\t\t\t\t\tenabled:true\r\n\t\t\t\t\t\t\t\t\t\t\t}\r\n\t\t\t\t\t\t\t\t\t});\r\n\t\t\t\t\t\t\t\t});\r\n\t\t\t\t\t\t\t<\/script><div class=\"vcmp-carousel vcmp-1 vcmp-carousel-style1 vcmp-carousel-1 owl-carousel\"><div class=\"vcmp-item\"><div class=\"vcmp-container-thumbs\"><div class=\"vcmp-header-container\"><img decoding=\"async\" src=\"https:\/\/www.filmmisiones.iaavim.gob.ar\/wp-content\/uploads\/2024\/11\/Cataratas-del-Iguazu1-1200x800.jpg\"><\/div><div class=\"vcmp-image-over\"><a href=\"https:\/\/www.filmmisiones.iaavim.gob.ar\/wp-content\/uploads\/2024\/11\/Cataratas-del-Iguazu1-1200x800.jpg\" class=\"adtheme-icon-search vcmp-zoom-image\" title=\" \" ><\/a><\/div><\/div><\/div><div class=\"vcmp-item\"><div class=\"vcmp-container-thumbs\"><div class=\"vcmp-header-container\"><img decoding=\"async\" src=\"https:\/\/www.filmmisiones.iaavim.gob.ar\/wp-content\/uploads\/2024\/11\/Cataratas-del-Iguazu8-1200x800.jpg\"><\/div><div class=\"vcmp-image-over\"><a href=\"https:\/\/www.filmmisiones.iaavim.gob.ar\/wp-content\/uploads\/2024\/11\/Cataratas-del-Iguazu8-1200x800.jpg\" class=\"adtheme-icon-search vcmp-zoom-image\" title=\" \" ><\/a><\/div><\/div><\/div><div class=\"vcmp-item\"><div class=\"vcmp-container-thumbs\"><div class=\"vcmp-header-container\"><img decoding=\"async\" src=\"https:\/\/www.filmmisiones.iaavim.gob.ar\/wp-content\/uploads\/2024\/11\/Cataratas-del-Iguazu10-1200x800.jpg\"><\/div><div class=\"vcmp-image-over\"><a href=\"https:\/\/www.filmmisiones.iaavim.gob.ar\/wp-content\/uploads\/2024\/11\/Cataratas-del-Iguazu10-1200x800.jpg\" class=\"adtheme-icon-search vcmp-zoom-image\" title=\" \" ><\/a><\/div><\/div><\/div><div class=\"vcmp-item\"><div class=\"vcmp-container-thumbs\"><div class=\"vcmp-header-container\"><img decoding=\"async\" src=\"https:\/\/www.filmmisiones.iaavim.gob.ar\/wp-content\/uploads\/2024\/11\/Cataratas-del-Iguazu11-1200x800.jpg\"><\/div><div class=\"vcmp-image-over\"><a href=\"https:\/\/www.filmmisiones.iaavim.gob.ar\/wp-content\/uploads\/2024\/11\/Cataratas-del-Iguazu11-1200x800.jpg\" class=\"adtheme-icon-search vcmp-zoom-image\" title=\" \" ><\/a><\/div><\/div><\/div><div class=\"vcmp-item\"><div class=\"vcmp-container-thumbs\"><div class=\"vcmp-header-container\"><img decoding=\"async\" src=\"https:\/\/www.filmmisiones.iaavim.gob.ar\/wp-content\/uploads\/2024\/11\/Cataratas-del-Iguazu13-1200x800.jpg\"><\/div><div class=\"vcmp-image-over\"><a href=\"https:\/\/www.filmmisiones.iaavim.gob.ar\/wp-content\/uploads\/2024\/11\/Cataratas-del-Iguazu13-1200x800.jpg\" class=\"adtheme-icon-search vcmp-zoom-image\" title=\" \" ><\/a><\/div><\/div><\/div><div class=\"vcmp-item\"><div class=\"vcmp-container-thumbs\"><div class=\"vcmp-header-container\"><img decoding=\"async\" src=\"https:\/\/www.filmmisiones.iaavim.gob.ar\/wp-content\/uploads\/2024\/11\/Cataratas-del-Iguazu14-1200x800.jpg\"><\/div><div class=\"vcmp-image-over\"><a href=\"https:\/\/www.filmmisiones.iaavim.gob.ar\/wp-content\/uploads\/2024\/11\/Cataratas-del-Iguazu14-1200x800.jpg\" class=\"adtheme-icon-search vcmp-zoom-image\" title=\" \" ><\/a><\/div><\/div><\/div><div class=\"vcmp-item\"><div class=\"vcmp-container-thumbs\"><div class=\"vcmp-header-container\"><img decoding=\"async\" src=\"https:\/\/www.filmmisiones.iaavim.gob.ar\/wp-content\/uploads\/2024\/11\/Cataratas-del-Iguazu15-1200x800.jpg\"><\/div><div class=\"vcmp-image-over\"><a href=\"https:\/\/www.filmmisiones.iaavim.gob.ar\/wp-content\/uploads\/2024\/11\/Cataratas-del-Iguazu15-1200x800.jpg\" class=\"adtheme-icon-search vcmp-zoom-image\" title=\" \" ><\/a><\/div><\/div><\/div><div class=\"vcmp-item\"><div class=\"vcmp-container-thumbs\"><div class=\"vcmp-header-container\"><img decoding=\"async\" src=\"https:\/\/www.filmmisiones.iaavim.gob.ar\/wp-content\/uploads\/2024\/11\/Cataratas-del-Iguazu16-1200x800.jpg\"><\/div><div class=\"vcmp-image-over\"><a href=\"https:\/\/www.filmmisiones.iaavim.gob.ar\/wp-content\/uploads\/2024\/11\/Cataratas-del-Iguazu16-1200x800.jpg\" class=\"adtheme-icon-search vcmp-zoom-image\" title=\" \" ><\/a><\/div><\/div><\/div><div class=\"vcmp-item\"><div class=\"vcmp-container-thumbs\"><div class=\"vcmp-header-container\"><img decoding=\"async\" src=\"https:\/\/www.filmmisiones.iaavim.gob.ar\/wp-content\/uploads\/2024\/11\/Cataratas-del-Iguazu18-1200x800.jpg\"><\/div><div class=\"vcmp-image-over\"><a href=\"https:\/\/www.filmmisiones.iaavim.gob.ar\/wp-content\/uploads\/2024\/11\/Cataratas-del-Iguazu18-1200x800.jpg\" class=\"adtheme-icon-search vcmp-zoom-image\" title=\" \" ><\/a><\/div><\/div><\/div><div class=\"vcmp-item\"><div class=\"vcmp-container-thumbs\"><div class=\"vcmp-header-container\"><img decoding=\"async\" src=\"https:\/\/www.filmmisiones.iaavim.gob.ar\/wp-content\/uploads\/2024\/11\/Cataratas-del-Iguazu19-1200x800.jpg\"><\/div><div class=\"vcmp-image-over\"><a href=\"https:\/\/www.filmmisiones.iaavim.gob.ar\/wp-content\/uploads\/2024\/11\/Cataratas-del-Iguazu19-1200x800.jpg\" class=\"adtheme-icon-search vcmp-zoom-image\" title=\" \" ><\/a><\/div><\/div><\/div><div class=\"vcmp-item\"><div class=\"vcmp-container-thumbs\"><div class=\"vcmp-header-container\"><img decoding=\"async\" src=\"https:\/\/www.filmmisiones.iaavim.gob.ar\/wp-content\/uploads\/2024\/11\/Cataratas-del-Iguazu27-1200x800.jpg\"><\/div><div class=\"vcmp-image-over\"><a href=\"https:\/\/www.filmmisiones.iaavim.gob.ar\/wp-content\/uploads\/2024\/11\/Cataratas-del-Iguazu27-1200x800.jpg\" class=\"adtheme-icon-search vcmp-zoom-image\" title=\" \" ><\/a><\/div><\/div><\/div><div class=\"vcmp-item\"><div class=\"vcmp-container-thumbs\"><div class=\"vcmp-header-container\"><img decoding=\"async\" src=\"https:\/\/www.filmmisiones.iaavim.gob.ar\/wp-content\/uploads\/2024\/11\/Cataratas-del-Iguazu29-1200x800.jpg\"><\/div><div class=\"vcmp-image-over\"><a href=\"https:\/\/www.filmmisiones.iaavim.gob.ar\/wp-content\/uploads\/2024\/11\/Cataratas-del-Iguazu29-1200x800.jpg\" class=\"adtheme-icon-search vcmp-zoom-image\" title=\" \" ><\/a><\/div><\/div><\/div><div class=\"vcmp-item\"><div class=\"vcmp-container-thumbs\"><div class=\"vcmp-header-container\"><img decoding=\"async\" src=\"https:\/\/www.filmmisiones.iaavim.gob.ar\/wp-content\/uploads\/2024\/11\/Cataratas-del-Iguazu30-1200x800.jpg\"><\/div><div class=\"vcmp-image-over\"><a href=\"https:\/\/www.filmmisiones.iaavim.gob.ar\/wp-content\/uploads\/2024\/11\/Cataratas-del-Iguazu30-1200x800.jpg\" class=\"adtheme-icon-search vcmp-zoom-image\" title=\" \" ><\/a><\/div><\/div><\/div><div class=\"vcmp-item\"><div class=\"vcmp-container-thumbs\"><div class=\"vcmp-header-container\"><img decoding=\"async\" src=\"https:\/\/www.filmmisiones.iaavim.gob.ar\/wp-content\/uploads\/2024\/11\/Cataratas-del-Iguazu32-1200x800.jpg\"><\/div><div class=\"vcmp-image-over\"><a href=\"https:\/\/www.filmmisiones.iaavim.gob.ar\/wp-content\/uploads\/2024\/11\/Cataratas-del-Iguazu32-1200x800.jpg\" class=\"adtheme-icon-search vcmp-zoom-image\" title=\" \" ><\/a><\/div><\/div><\/div><div class=\"vcmp-item\"><div class=\"vcmp-container-thumbs\"><div class=\"vcmp-header-container\"><img decoding=\"async\" src=\"https:\/\/www.filmmisiones.iaavim.gob.ar\/wp-content\/uploads\/2024\/11\/Cataratas-del-Iguazu39-1200x800.jpg\"><\/div><div class=\"vcmp-image-over\"><a href=\"https:\/\/www.filmmisiones.iaavim.gob.ar\/wp-content\/uploads\/2024\/11\/Cataratas-del-Iguazu39-1200x800.jpg\" class=\"adtheme-icon-search vcmp-zoom-image\" title=\" \" ><\/a><\/div><\/div><\/div><div class=\"vcmp-item\"><div class=\"vcmp-container-thumbs\"><div class=\"vcmp-header-container\"><img decoding=\"async\" src=\"https:\/\/www.filmmisiones.iaavim.gob.ar\/wp-content\/uploads\/2024\/11\/Cataratas-del-Iguazu40-1200x800.jpg\"><\/div><div class=\"vcmp-image-over\"><a href=\"https:\/\/www.filmmisiones.iaavim.gob.ar\/wp-content\/uploads\/2024\/11\/Cataratas-del-Iguazu40-1200x800.jpg\" class=\"adtheme-icon-search vcmp-zoom-image\" title=\" \" ><\/a><\/div><\/div><\/div><div class=\"vcmp-item\"><div class=\"vcmp-container-thumbs\"><div class=\"vcmp-header-container\"><img decoding=\"async\" src=\"https:\/\/www.filmmisiones.iaavim.gob.ar\/wp-content\/uploads\/2024\/11\/Cataratas-del-Iguazu42-1200x800.jpg\"><\/div><div class=\"vcmp-image-over\"><a href=\"https:\/\/www.filmmisiones.iaavim.gob.ar\/wp-content\/uploads\/2024\/11\/Cataratas-del-Iguazu42-1200x800.jpg\" class=\"adtheme-icon-search vcmp-zoom-image\" title=\" \" ><\/a><\/div><\/div><\/div><div class=\"vcmp-item\"><div class=\"vcmp-container-thumbs\"><div class=\"vcmp-header-container\"><img decoding=\"async\" src=\"https:\/\/www.filmmisiones.iaavim.gob.ar\/wp-content\/uploads\/2024\/11\/Cataratas-del-Iguazu45-1200x800.jpg\"><\/div><div class=\"vcmp-image-over\"><a href=\"https:\/\/www.filmmisiones.iaavim.gob.ar\/wp-content\/uploads\/2024\/11\/Cataratas-del-Iguazu45-1200x800.jpg\" class=\"adtheme-icon-search vcmp-zoom-image\" title=\" \" ><\/a><\/div><\/div><\/div><div class=\"vcmp-item\"><div class=\"vcmp-container-thumbs\"><div class=\"vcmp-header-container\"><img decoding=\"async\" src=\"https:\/\/www.filmmisiones.iaavim.gob.ar\/wp-content\/uploads\/2024\/11\/Cataratas-del-Iguazu48-1200x800.jpg\"><\/div><div class=\"vcmp-image-over\"><a href=\"https:\/\/www.filmmisiones.iaavim.gob.ar\/wp-content\/uploads\/2024\/11\/Cataratas-del-Iguazu48-1200x800.jpg\" class=\"adtheme-icon-search vcmp-zoom-image\" title=\" \" ><\/a><\/div><\/div><\/div><div class=\"vcmp-item\"><div class=\"vcmp-container-thumbs\"><div class=\"vcmp-header-container\"><img decoding=\"async\" src=\"https:\/\/www.filmmisiones.iaavim.gob.ar\/wp-content\/uploads\/2024\/11\/Cataratas-del-Iguazu51-1200x800.jpg\"><\/div><div class=\"vcmp-image-over\"><a href=\"https:\/\/www.filmmisiones.iaavim.gob.ar\/wp-content\/uploads\/2024\/11\/Cataratas-del-Iguazu51-1200x800.jpg\" class=\"adtheme-icon-search vcmp-zoom-image\" title=\" \" ><\/a><\/div><\/div><\/div><div class=\"vcmp-item\"><div class=\"vcmp-container-thumbs\"><div class=\"vcmp-header-container\"><img decoding=\"async\" src=\"https:\/\/www.filmmisiones.iaavim.gob.ar\/wp-content\/uploads\/2024\/11\/Cataratas-del-Iguazu53-1200x800.jpg\"><\/div><div class=\"vcmp-image-over\"><a href=\"https:\/\/www.filmmisiones.iaavim.gob.ar\/wp-content\/uploads\/2024\/11\/Cataratas-del-Iguazu53-1200x800.jpg\" class=\"adtheme-icon-search vcmp-zoom-image\" title=\" \" ><\/a><\/div><\/div><\/div><div class=\"vcmp-item\"><div class=\"vcmp-container-thumbs\"><div class=\"vcmp-header-container\"><img decoding=\"async\" src=\"https:\/\/www.filmmisiones.iaavim.gob.ar\/wp-content\/uploads\/2024\/11\/Cataratas-del-Iguazu54-1200x800.jpg\"><\/div><div class=\"vcmp-image-over\"><a href=\"https:\/\/www.filmmisiones.iaavim.gob.ar\/wp-content\/uploads\/2024\/11\/Cataratas-del-Iguazu54-1200x800.jpg\" class=\"adtheme-icon-search vcmp-zoom-image\" title=\" \" ><\/a><\/div><\/div><\/div><div class=\"vcmp-item\"><div class=\"vcmp-container-thumbs\"><div class=\"vcmp-header-container\"><img decoding=\"async\" src=\"https:\/\/www.filmmisiones.iaavim.gob.ar\/wp-content\/uploads\/2024\/11\/Cataratas-del-Iguazu55-1200x800.jpg\"><\/div><div class=\"vcmp-image-over\"><a href=\"https:\/\/www.filmmisiones.iaavim.gob.ar\/wp-content\/uploads\/2024\/11\/Cataratas-del-Iguazu55-1200x800.jpg\" class=\"adtheme-icon-search vcmp-zoom-image\" title=\" \" ><\/a><\/div><\/div><\/div><div class=\"vcmp-item\"><div class=\"vcmp-container-thumbs\"><div class=\"vcmp-header-container\"><img decoding=\"async\" src=\"https:\/\/www.filmmisiones.iaavim.gob.ar\/wp-content\/uploads\/2024\/11\/Cataratas-del-Iguazu58-1200x800.jpg\"><\/div><div class=\"vcmp-image-over\"><a href=\"https:\/\/www.filmmisiones.iaavim.gob.ar\/wp-content\/uploads\/2024\/11\/Cataratas-del-Iguazu58-1200x800.jpg\" class=\"adtheme-icon-search vcmp-zoom-image\" title=\" \" ><\/a><\/div><\/div><\/div><div class=\"vcmp-item\"><div class=\"vcmp-container-thumbs\"><div class=\"vcmp-header-container\"><img decoding=\"async\" src=\"https:\/\/www.filmmisiones.iaavim.gob.ar\/wp-content\/uploads\/2024\/11\/Cataratas-del-Iguazu61-1200x800.jpg\"><\/div><div class=\"vcmp-image-over\"><a href=\"https:\/\/www.filmmisiones.iaavim.gob.ar\/wp-content\/uploads\/2024\/11\/Cataratas-del-Iguazu61-1200x800.jpg\" class=\"adtheme-icon-search vcmp-zoom-image\" title=\" \" ><\/a><\/div><\/div><\/div><div class=\"vcmp-item\"><div class=\"vcmp-container-thumbs\"><div class=\"vcmp-header-container\"><img decoding=\"async\" src=\"https:\/\/www.filmmisiones.iaavim.gob.ar\/wp-content\/uploads\/2024\/11\/Cataratas-del-Iguazu63-1200x800.jpg\"><\/div><div class=\"vcmp-image-over\"><a href=\"https:\/\/www.filmmisiones.iaavim.gob.ar\/wp-content\/uploads\/2024\/11\/Cataratas-del-Iguazu63-1200x800.jpg\" class=\"adtheme-icon-search vcmp-zoom-image\" title=\" \" ><\/a><\/div><\/div><\/div><div class=\"vcmp-item\"><div class=\"vcmp-container-thumbs\"><div class=\"vcmp-header-container\"><img decoding=\"async\" src=\"https:\/\/www.filmmisiones.iaavim.gob.ar\/wp-content\/uploads\/2024\/11\/Cataratas-del-Iguazu64-1200x800.jpg\"><\/div><div class=\"vcmp-image-over\"><a href=\"https:\/\/www.filmmisiones.iaavim.gob.ar\/wp-content\/uploads\/2024\/11\/Cataratas-del-Iguazu64-1200x800.jpg\" class=\"adtheme-icon-search vcmp-zoom-image\" title=\" \" ><\/a><\/div><\/div><\/div><div class=\"vcmp-item\"><div class=\"vcmp-container-thumbs\"><div class=\"vcmp-header-container\"><img decoding=\"async\" src=\"https:\/\/www.filmmisiones.iaavim.gob.ar\/wp-content\/uploads\/2024\/11\/Cataratas-del-Iguazu66-1200x800.jpg\"><\/div><div class=\"vcmp-image-over\"><a href=\"https:\/\/www.filmmisiones.iaavim.gob.ar\/wp-content\/uploads\/2024\/11\/Cataratas-del-Iguazu66-1200x800.jpg\" class=\"adtheme-icon-search vcmp-zoom-image\" title=\" \" ><\/a><\/div><\/div><\/div><div class=\"vcmp-item\"><div class=\"vcmp-container-thumbs\"><div class=\"vcmp-header-container\"><img decoding=\"async\" src=\"https:\/\/www.filmmisiones.iaavim.gob.ar\/wp-content\/uploads\/2024\/11\/Cataratas-del-Iguazu68-1200x800.jpg\"><\/div><div class=\"vcmp-image-over\"><a href=\"https:\/\/www.filmmisiones.iaavim.gob.ar\/wp-content\/uploads\/2024\/11\/Cataratas-del-Iguazu68-1200x800.jpg\" class=\"adtheme-icon-search vcmp-zoom-image\" title=\" \" ><\/a><\/div><\/div><\/div><div class=\"vcmp-item\"><div class=\"vcmp-container-thumbs\"><div class=\"vcmp-header-container\"><img decoding=\"async\" src=\"https:\/\/www.filmmisiones.iaavim.gob.ar\/wp-content\/uploads\/2024\/11\/Cataratas-del-Iguazu70-1200x800.jpg\"><\/div><div class=\"vcmp-image-over\"><a href=\"https:\/\/www.filmmisiones.iaavim.gob.ar\/wp-content\/uploads\/2024\/11\/Cataratas-del-Iguazu70-1200x800.jpg\" class=\"adtheme-icon-search vcmp-zoom-image\" title=\" \" ><\/a><\/div><\/div><\/div><div class=\"vcmp-item\"><div class=\"vcmp-container-thumbs\"><div class=\"vcmp-header-container\"><img decoding=\"async\" src=\"https:\/\/www.filmmisiones.iaavim.gob.ar\/wp-content\/uploads\/2024\/11\/Cataratas-del-Iguazu71-1200x800.jpg\"><\/div><div class=\"vcmp-image-over\"><a href=\"https:\/\/www.filmmisiones.iaavim.gob.ar\/wp-content\/uploads\/2024\/11\/Cataratas-del-Iguazu71-1200x800.jpg\" class=\"adtheme-icon-search vcmp-zoom-image\" title=\" \" ><\/a><\/div><\/div><\/div><div class=\"vcmp-item\"><div class=\"vcmp-container-thumbs\"><div class=\"vcmp-header-container\"><img decoding=\"async\" src=\"https:\/\/www.filmmisiones.iaavim.gob.ar\/wp-content\/uploads\/2024\/11\/Cataratas-del-Iguazu75-1200x800.jpg\"><\/div><div class=\"vcmp-image-over\"><a href=\"https:\/\/www.filmmisiones.iaavim.gob.ar\/wp-content\/uploads\/2024\/11\/Cataratas-del-Iguazu75-1200x800.jpg\" class=\"adtheme-icon-search vcmp-zoom-image\" title=\" \" ><\/a><\/div><\/div><\/div><div class=\"vcmp-item\"><div class=\"vcmp-container-thumbs\"><div class=\"vcmp-header-container\"><img decoding=\"async\" src=\"https:\/\/www.filmmisiones.iaavim.gob.ar\/wp-content\/uploads\/2024\/11\/Cataratas-del-Iguazu78-1200x800.jpg\"><\/div><div class=\"vcmp-image-over\"><a href=\"https:\/\/www.filmmisiones.iaavim.gob.ar\/wp-content\/uploads\/2024\/11\/Cataratas-del-Iguazu78-1200x800.jpg\" class=\"adtheme-icon-search vcmp-zoom-image\" title=\" \" ><\/a><\/div><\/div><\/div><\/div>[\/vc_column][\/vc_row][vc_row][vc_column][vc_empty_space][\/vc_column][\/vc_row][vc_row full_width=\u00bbstretch_row\u00bb][vc_column][chase_text_block style=\u00bbstyle3&#8243;]<\/p>\n<p style=\"text-align: center;\"><span style=\"font-size: 12pt;\">Las magn\u00edficas Cataratas del Iguaz\u00fa, una de las Siete Maravillas del Mundo, est\u00e1n conformadas por 275 saltos, el m\u00e1s alto de 80 metros, es conocido como la Garganta del Diablo. Un contexto vegetal inigualable enmarca a uno de los paisajes naturales m\u00e1s opulentos del mundo. Los saltos transcurren a lo largo de acantilados e islotes, repartidos en una media luna que forma este accidente geogr\u00e1fico.<\/span><\/p>\n<p>[\/chase_text_block][vc_empty_space height=\u00bb22px\u00bb][\/vc_column][\/vc_row][vc_row][vc_column][chase_text]<\/p>\n<h1 style=\"text-align: center;\">Cataratas del Iguaz\u00fa<\/h1>\n<p>[\/chase_text][vc_empty_space height=\u00bb22px\u00bb][\/vc_column][\/vc_row][vc_row][vc_column width=\u00bb1\/4&#8243;][chase_text]<\/p>\n<h4><span style=\"font-size: 12pt;\">Municipio:<\/span><br \/>\n<span style=\"font-size: 12pt;\">Puerto Iguaz\u00fa<\/span><\/h4>\n<p>[\/chase_text][vc_empty_space height=\u00bb22px\u00bb][\/vc_column][vc_column width=\u00bb1\/4&#8243;][chase_text]<\/p>\n<h6><span style=\"font-size: 12pt;\">Sitio web:<\/span><br \/>\n<a href=\"https:\/\/iguazuargentina.com\/es\/\"><span style=\"font-size: 12pt;\">www.iguazuargentina.com<\/span><\/a><\/h6>\n<p>[\/chase_text][vc_empty_space height=\u00bb22px\u00bb][\/vc_column][vc_column width=\u00bb1\/4&#8243;][chase_text]<\/p>\n<h4><span style=\"font-size: 12pt;\">Ciudad:<\/span><br \/>\n<span style=\"font-size: 12pt;\">Puerto Iguaz\u00fa<\/span><\/h4>\n<p>[\/chase_text][vc_empty_space height=\u00bb22px\u00bb][\/vc_column][vc_column width=\u00bb1\/4&#8243;][chase_text]<\/p>\n<h4><span style=\"font-size: 12pt;\">RRSS:<\/span><br \/>\n<span style=\"font-size: 12pt;\">IG: <a href=\"https:\/\/www.instagram.com\/iguazuargentina\/\" target=\"_blank\" rel=\"noopener\">Iguaz\u00fa Argentina<\/a><\/span><br \/>\n<span style=\"font-size: 12pt;\">FB: <a href=\"https:\/\/www.facebook.com\/iguazuargentina\/\" target=\"_blank\" rel=\"noopener\">Iguaz\u00fa Argentina<\/a><\/span><br \/>\n<span style=\"font-size: 12pt;\">YT: <a href=\"https:\/\/www.youtube.com\/channel\/UC6qtGuIj0LFEgWNGZArQKSw\" target=\"_blank\" rel=\"noopener\">Iguaz\u00fa Argentina<\/a><\/span><\/h4>\n<p>[\/chase_text][vc_empty_space height=\u00bb22px\u00bb][\/vc_column][\/vc_row][vc_row][vc_column width=\u00bb1\/5&#8243;][vc_single_image image=\u00bb2314&#8243; img_size=\u00bb100&#215;100&#8243; alignment=\u00bbcenter\u00bb css=\u00bb\u00bb][chase_text]<\/p>\n<p style=\"text-align: center;\">Aeropuerto<br \/>\nInternacional<\/p>\n<p>[\/chase_text][\/vc_column][vc_column width=\u00bb1\/5&#8243;][vc_single_image image=\u00bb2317&#8243; img_size=\u00bb100&#215;100&#8243; alignment=\u00bbcenter\u00bb css=\u00bb\u00bb][chase_text]<\/p>\n<p style=\"text-align: center;\">Energ\u00eda<br \/>\nEl\u00e9ctrica<\/p>\n<p>[\/chase_text][\/vc_column][vc_column width=\u00bb1\/5&#8243;][vc_single_image image=\u00bb2320&#8243; img_size=\u00bb100&#215;100&#8243; alignment=\u00bbcenter\u00bb css=\u00bb\u00bb][chase_text]<\/p>\n<p style=\"text-align: center;\">Paso<br \/>\nInternacional<\/p>\n<p>[\/chase_text][\/vc_column][vc_column width=\u00bb1\/5&#8243;][vc_single_image image=\u00bb2322&#8243; img_size=\u00bb100&#215;100&#8243; alignment=\u00bbcenter\u00bb css=\u00bb\u00bb][chase_text]<\/p>\n<p style=\"text-align: center;\">Espacio<br \/>\nP\u00fablico<\/p>\n<p>[\/chase_text][\/vc_column][vc_column width=\u00bb1\/5&#8243;][vc_single_image image=\u00bb2318&#8243; img_size=\u00bb100&#215;100&#8243; alignment=\u00bbcenter\u00bb css=\u00bb\u00bb][chase_text]<\/p>\n<p style=\"text-align: center;\">Permiso<br \/>\nP\u00fablico<\/p>\n<p>[\/chase_text][\/vc_column][\/vc_row][vc_row][vc_column width=\u00bb1\/5&#8243;][vc_single_image image=\u00bb2313&#8243; img_size=\u00bb100&#215;100&#8243; alignment=\u00bbcenter\u00bb css=\u00bb\u00bb][chase_text]<\/p>\n<p style=\"text-align: center;\">Acceso asfaltado<\/p>\n<p>[\/chase_text][\/vc_column][vc_column width=\u00bb1\/5&#8243;][vc_single_image image=\u00bb2459&#8243; img_size=\u00bb100&#215;100&#8243; alignment=\u00bbcenter\u00bb css=\u00bb\u00bb][chase_text]<\/p>\n<p style=\"text-align: center;\"><a href=\"https:\/\/misiones.tur.ar\/alojamiento\/\" target=\"_blank\" rel=\"noopener\">Hoteler\u00eda<\/a><\/p>\n<p>[\/chase_text][\/vc_column][vc_column width=\u00bb1\/5&#8243;][vc_single_image image=\u00bb2569&#8243; img_size=\u00bb100&#215;100&#8243; alignment=\u00bbcenter\u00bb css=\u00bb\u00bb][chase_text]<\/p>\n<p style=\"text-align: center;\"><a href=\"https:\/\/salud.misiones.gob.ar\/hospitales\/\"><span style=\"font-size: 12pt;\">Salud<\/span><\/a><\/p>\n<p>[\/chase_text][\/vc_column][vc_column width=\u00bb1\/5&#8243;][\/vc_column][\/vc_row][vc_row][vc_column][vc_empty_space][\/vc_column][\/vc_row][vc_row][vc_column][chase_text]<\/p>\n<h4 style=\"text-align: left;\">Ubicaci\u00f3n<\/h4>\n<p>[\/chase_text][chase_text]<iframe loading=\"lazy\" style=\"border: 0;\" src=\"https:\/\/www.google.com\/maps\/embed?pb=!1m18!1m12!1m3!1d325737.8770273322!2d-54.57843898572283!3d-25.574025829342457!2m3!1f0!2f0!3f0!3m2!1i1024!2i768!4f13.1!3m3!1m2!1s0x94f6ea7339e748e7%3A0x1c851fea816c962f!2sCataratas%20del%20Iguaz%C3%BA!5e0!3m2!1ses-419!2sar!4v1722194163501!5m2!1ses-419!2sar\" width=\"100%\" height=\"450\" allowfullscreen=\"allowfullscreen\"><\/iframe>[\/chase_text][vc_empty_space height=\u00bb10px\u00bb][\/vc_column][\/vc_row]<\/p>\n<\/div>","protected":false},"excerpt":{"rendered":"<p>[vc_row full_width=\u00bbstretch_row_content\u00bb][vc_column][vc_single_image image=\u00bb2770&#8243; img_size=\u00bbfull\u00bb alignment=\u00bbcenter\u00bb css=\u00bb\u00bb][\/vc_column][\/vc_row][vc_row][vc_column][\/vc_column][\/vc_row][vc_row][vc_column][vc_empty_space][\/vc_column][\/vc_row][vc_row full_width=\u00bbstretch_row\u00bb][vc_column][chase_text_block style=\u00bbstyle3&#8243;] Las magn\u00edficas Cataratas del Iguaz\u00fa, una de las Siete Maravillas del Mundo, est\u00e1n conformadas por 275 saltos, el m\u00e1s alto de 80 metros, es conocido como la Garganta del Diablo. Un contexto vegetal inigualable enmarca a uno de los paisajes naturales m\u00e1s opulentos del mundo. Los saltos [&hellip;]<\/p>\n","protected":false},"author":1,"featured_media":0,"parent":0,"menu_order":0,"comment_status":"closed","ping_status":"closed","template":"","meta":{"footnotes":""},"class_list":["post-2299","page","type-page","status-publish","hentry"],"_links":{"self":[{"href":"https:\/\/www.filmmisiones.iaavim.gob.ar\/index.php?rest_route=\/wp\/v2\/pages\/2299","targetHints":{"allow":["GET"]}}],"collection":[{"href":"https:\/\/www.filmmisiones.iaavim.gob.ar\/index.php?rest_route=\/wp\/v2\/pages"}],"about":[{"href":"https:\/\/www.filmmisiones.iaavim.gob.ar\/index.php?rest_route=\/wp\/v2\/types\/page"}],"author":[{"embeddable":true,"href":"https:\/\/www.filmmisiones.iaavim.gob.ar\/index.php?rest_route=\/wp\/v2\/users\/1"}],"replies":[{"embeddable":true,"href":"https:\/\/www.filmmisiones.iaavim.gob.ar\/index.php?rest_route=%2Fwp%2Fv2%2Fcomments&post=2299"}],"version-history":[{"count":32,"href":"https:\/\/www.filmmisiones.iaavim.gob.ar\/index.php?rest_route=\/wp\/v2\/pages\/2299\/revisions"}],"predecessor-version":[{"id":2844,"href":"https:\/\/www.filmmisiones.iaavim.gob.ar\/index.php?rest_route=\/wp\/v2\/pages\/2299\/revisions\/2844"}],"wp:attachment":[{"href":"https:\/\/www.filmmisiones.iaavim.gob.ar\/index.php?rest_route=%2Fwp%2Fv2%2Fmedia&parent=2299"}],"curies":[{"name":"wp","href":"https:\/\/api.w.org\/{rel}","templated":true}]}}