{"id":2227,"date":"2024-04-22T22:57:40","date_gmt":"2024-04-22T20:57:40","guid":{"rendered":"https:\/\/www.filmmisiones.iaavim.gob.ar\/?page_id=2227"},"modified":"2025-08-28T10:24:59","modified_gmt":"2025-08-28T13:24:59","slug":"rios-y-arroyos","status":"publish","type":"page","link":"https:\/\/www.filmmisiones.iaavim.gob.ar\/?page_id=2227","title":{"rendered":"R\u00edos y arroyos"},"content":{"rendered":"<div class=\"wpb-content-wrapper\"><p>[vc_row full_width=\u00bbstretch_row_content\u00bb][vc_column][chase_heading overlay=\u00bbyes\u00bb title=\u00bbR\u00edos y Arroyos\u00bb image=\u00bb2209&#8243;][\/vc_column][\/vc_row][vc_row][vc_column][chase_text]<\/p>\n<p style=\"text-align: center;\">La selva misionera es la prolongaci\u00f3n en territorio argentino de la selva paranaense y se encuentra en el corredor verde de Misiones. Este biosistema alberga a m\u00e1s del 52% de la biodiversidad total de la Argentina. Una de las principales y m\u00e1s valiosas \u00e1reas naturales del continente, posee desde valles bajos muy c\u00e1lidos y h\u00famedos hasta un conjunto monta\u00f1oso de sierras que alcanza altitudes de hasta 850 msnm con un clima semejante aunque notoriamente m\u00e1s fresco. Abarca un mosaico de paisajes que incluye \u00e1reas protegidas, propiedades privadas de diversos usos, colonias agr\u00edcolas y pueblos originarios,\u00a0entre\u00a0otros.<\/p>\n<p>[\/chase_text][vc_empty_space][\/vc_column][\/vc_row][vc_row][vc_column width=\u00bb1\/3&#8243;][vc_single_image image=\u00bb4128&#8243; img_size=\u00bb1024&#215;720&#8243; alignment=\u00bbcenter\u00bb onclick=\u00bbcustom_link\u00bb img_link_target=\u00bb_blank\u00bb css=\u00bb\u00bb link=\u00bbhttps:\/\/www.filmmisiones.iaavim.gob.ar\/?page_id=4127&#8243;][chase_text]<\/p>\n<p style=\"text-align: center;\"><span style=\"font-family: georgia, palatino, serif;\"><a href=\"https:\/\/www.filmmisiones.iaavim.gob.ar\/?page_id=4127\"><span style=\"font-size: 24pt;\">Arroyo El Soberbio<\/span><\/a><\/span><\/p>\n<p>[\/chase_text][\/vc_column][vc_column width=\u00bb1\/3&#8243;][vc_single_image css=\u00bb\u00bb][chase_text][\/chase_text][\/vc_column][vc_column width=\u00bb1\/3&#8243;][vc_single_image css=\u00bb\u00bb][chase_text][\/chase_text][\/vc_column][\/vc_row][vc_row][vc_column][vc_empty_space][\/vc_column][\/vc_row]<\/p>\n<\/div>","protected":false},"excerpt":{"rendered":"<p>[vc_row full_width=\u00bbstretch_row_content\u00bb][vc_column][chase_heading overlay=\u00bbyes\u00bb title=\u00bbR\u00edos y Arroyos\u00bb image=\u00bb2209&#8243;][\/vc_column][\/vc_row][vc_row][vc_column][chase_text] La selva misionera es la prolongaci\u00f3n en territorio argentino de la selva paranaense y se encuentra en el corredor verde de Misiones. Este biosistema alberga a m\u00e1s del 52% de la biodiversidad total de la Argentina. Una de las principales y m\u00e1s valiosas \u00e1reas naturales del continente, posee [&hellip;]<\/p>\n","protected":false},"author":1,"featured_media":0,"parent":0,"menu_order":0,"comment_status":"closed","ping_status":"closed","template":"","meta":{"footnotes":""},"class_list":["post-2227","page","type-page","status-publish","hentry"],"_links":{"self":[{"href":"https:\/\/www.filmmisiones.iaavim.gob.ar\/index.php?rest_route=\/wp\/v2\/pages\/2227","targetHints":{"allow":["GET"]}}],"collection":[{"href":"https:\/\/www.filmmisiones.iaavim.gob.ar\/index.php?rest_route=\/wp\/v2\/pages"}],"about":[{"href":"https:\/\/www.filmmisiones.iaavim.gob.ar\/index.php?rest_route=\/wp\/v2\/types\/page"}],"author":[{"embeddable":true,"href":"https:\/\/www.filmmisiones.iaavim.gob.ar\/index.php?rest_route=\/wp\/v2\/users\/1"}],"replies":[{"embeddable":true,"href":"https:\/\/www.filmmisiones.iaavim.gob.ar\/index.php?rest_route=%2Fwp%2Fv2%2Fcomments&post=2227"}],"version-history":[{"count":9,"href":"https:\/\/www.filmmisiones.iaavim.gob.ar\/index.php?rest_route=\/wp\/v2\/pages\/2227\/revisions"}],"predecessor-version":[{"id":4150,"href":"https:\/\/www.filmmisiones.iaavim.gob.ar\/index.php?rest_route=\/wp\/v2\/pages\/2227\/revisions\/4150"}],"wp:attachment":[{"href":"https:\/\/www.filmmisiones.iaavim.gob.ar\/index.php?rest_route=%2Fwp%2Fv2%2Fmedia&parent=2227"}],"curies":[{"name":"wp","href":"https:\/\/api.w.org\/{rel}","templated":true}]}}