{"id":2220,"date":"2024-04-22T22:15:44","date_gmt":"2024-04-22T20:15:44","guid":{"rendered":"https:\/\/www.filmmisiones.iaavim.gob.ar\/?page_id=2220"},"modified":"2025-08-14T09:38:44","modified_gmt":"2025-08-14T12:38:44","slug":"saltos-y-cascadas","status":"publish","type":"page","link":"https:\/\/www.filmmisiones.iaavim.gob.ar\/?page_id=2220","title":{"rendered":"Saltos y cascadas"},"content":{"rendered":"<div class=\"wpb-content-wrapper\"><p>[vc_row full_width=\u00bbstretch_row_content\u00bb][vc_column][chase_heading overlay=\u00bbyes\u00bb title=\u00bbSaltos y Cascadas\u00bb image=\u00bb2259&#8243;][\/vc_column][\/vc_row][vc_row][vc_column][chase_text]<\/p>\n<p style=\"text-align: center;\"><span style=\"color: #000000;\">La hidrograf\u00eda que rodea al coraz\u00f3n de nuestra selva est\u00e1 enmarcada por cinco r\u00edos y en su interior es atravesada por un sinf\u00edn de arroyos que embellecen a su extraordinaria geograf\u00eda. El Paran\u00e1 -el segundo r\u00edo m\u00e1s largo de Am\u00e9rica del Sur- se diferencia por su caprichosa geometr\u00eda y constante transformaci\u00f3n; el Uruguay que nace en Brasil y junto al Paran\u00e1 forman la Cuenca del Plata; el Iguaz\u00fa -que en lengua guaran\u00ed significa \u201cAguas Grandes\u201d- y los r\u00edos San Antonio y Pepir\u00ed Guaz\u00fa que, a lo largo de su recorrido, trazan la frontera entre Misiones -al nordeste de Argentina- y el Estado de Paran\u00e1\u00a0en\u00a0Brasil.<\/span><\/p>\n<p>[\/chase_text][vc_empty_space][\/vc_column][\/vc_row][vc_row][vc_column width=\u00bb1\/3&#8243;][vc_single_image image=\u00bb2126&#8243; img_size=\u00bb1024&#215;720&#8243; alignment=\u00bbcenter\u00bb onclick=\u00bbcustom_link\u00bb css=\u00bb\u00bb link=\u00bbhttps:\/\/www.filmmisiones.iaavim.gob.ar\/?page_id=2299&#8243;][chase_text]<\/p>\n<h3 style=\"text-align: center;\"><span style=\"font-size: 24pt; font-family: georgia, palatino, serif;\"><a href=\"https:\/\/www.filmmisiones.iaavim.gob.ar\/?page_id=2299\">Cataratas del Iguaz\u00fa<\/a><\/span><\/h3>\n<p>[\/chase_text][\/vc_column][vc_column width=\u00bb1\/3&#8243;][vc_single_image image=\u00bb2817&#8243; img_size=\u00bb1024&#215;720&#8243; alignment=\u00bbcenter\u00bb onclick=\u00bbcustom_link\u00bb css=\u00bb\u00bb link=\u00bbhttps:\/\/www.filmmisiones.iaavim.gob.ar\/?page_id=2814&#8243;][chase_text]<\/p>\n<h3 style=\"text-align: center;\"><span style=\"font-size: 24pt;\"><a href=\"https:\/\/www.filmmisiones.iaavim.gob.ar\/?page_id=2814\" target=\"_blank\" rel=\"noopener\">Salto Encantado<\/a><\/span><\/h3>\n<p>[\/chase_text][\/vc_column][vc_column width=\u00bb1\/3&#8243;][vc_single_image image=\u00bb2764&#8243; img_size=\u00bb1024&#215;720&#8243; alignment=\u00bbcenter\u00bb onclick=\u00bbcustom_link\u00bb css=\u00bb\u00bb link=\u00bbhttps:\/\/www.filmmisiones.iaavim.gob.ar\/?page_id=2753&#8243;][chase_text]<\/p>\n<h3 style=\"text-align: center;\"><span style=\"font-size: 24pt;\"><a href=\"https:\/\/www.filmmisiones.iaavim.gob.ar\/?page_id=2753\" target=\"_blank\" rel=\"noopener\">Saltos del Mocon\u00e1<\/a><\/span><\/h3>\n<p>[\/chase_text][\/vc_column][\/vc_row][vc_row][vc_column width=\u00bb1\/3&#8243;][vc_single_image image=\u00bb3682&#8243; img_size=\u00bb1024&#215;720&#8243; alignment=\u00bbcenter\u00bb onclick=\u00bbcustom_link\u00bb img_link_target=\u00bb_blank\u00bb css=\u00bb\u00bb link=\u00bbhttps:\/\/www.filmmisiones.iaavim.gob.ar\/?page_id=3674&#8243;][chase_text]<\/p>\n<p style=\"text-align: center;\"><span style=\"font-family: georgia, palatino, serif; font-size: 24pt;\"><a href=\"https:\/\/www.filmmisiones.iaavim.gob.ar\/?page_id=3674\">Salto Krysiuk<\/a><\/span><\/p>\n<p>[\/chase_text][\/vc_column][vc_column width=\u00bb1\/3&#8243;][vc_single_image css=\u00bb\u00bb][chase_text][\/chase_text][\/vc_column][vc_column width=\u00bb1\/3&#8243;][vc_single_image css=\u00bb\u00bb][chase_text][\/chase_text][\/vc_column][\/vc_row]<\/p>\n<\/div>","protected":false},"excerpt":{"rendered":"<p>[vc_row full_width=\u00bbstretch_row_content\u00bb][vc_column][chase_heading overlay=\u00bbyes\u00bb title=\u00bbSaltos y Cascadas\u00bb image=\u00bb2259&#8243;][\/vc_column][\/vc_row][vc_row][vc_column][chase_text] La hidrograf\u00eda que rodea al coraz\u00f3n de nuestra selva est\u00e1 enmarcada por cinco r\u00edos y en su interior es atravesada por un sinf\u00edn de arroyos que embellecen a su extraordinaria geograf\u00eda. El Paran\u00e1 -el segundo r\u00edo m\u00e1s largo de Am\u00e9rica del Sur- se diferencia por su caprichosa geometr\u00eda [&hellip;]<\/p>\n","protected":false},"author":1,"featured_media":0,"parent":0,"menu_order":0,"comment_status":"closed","ping_status":"closed","template":"","meta":{"footnotes":""},"class_list":["post-2220","page","type-page","status-publish","hentry"],"_links":{"self":[{"href":"https:\/\/www.filmmisiones.iaavim.gob.ar\/index.php?rest_route=\/wp\/v2\/pages\/2220","targetHints":{"allow":["GET"]}}],"collection":[{"href":"https:\/\/www.filmmisiones.iaavim.gob.ar\/index.php?rest_route=\/wp\/v2\/pages"}],"about":[{"href":"https:\/\/www.filmmisiones.iaavim.gob.ar\/index.php?rest_route=\/wp\/v2\/types\/page"}],"author":[{"embeddable":true,"href":"https:\/\/www.filmmisiones.iaavim.gob.ar\/index.php?rest_route=\/wp\/v2\/users\/1"}],"replies":[{"embeddable":true,"href":"https:\/\/www.filmmisiones.iaavim.gob.ar\/index.php?rest_route=%2Fwp%2Fv2%2Fcomments&post=2220"}],"version-history":[{"count":27,"href":"https:\/\/www.filmmisiones.iaavim.gob.ar\/index.php?rest_route=\/wp\/v2\/pages\/2220\/revisions"}],"predecessor-version":[{"id":3715,"href":"https:\/\/www.filmmisiones.iaavim.gob.ar\/index.php?rest_route=\/wp\/v2\/pages\/2220\/revisions\/3715"}],"wp:attachment":[{"href":"https:\/\/www.filmmisiones.iaavim.gob.ar\/index.php?rest_route=%2Fwp%2Fv2%2Fmedia&parent=2220"}],"curies":[{"name":"wp","href":"https:\/\/api.w.org\/{rel}","templated":true}]}}