{"id":2160,"date":"2024-03-25T00:56:57","date_gmt":"2024-03-24T23:56:57","guid":{"rendered":"https:\/\/www.filmmisiones.iaavim.gob.ar\/?page_id=2160"},"modified":"2024-11-15T11:50:07","modified_gmt":"2024-11-15T14:50:07","slug":"sobre-nosotros","status":"publish","type":"page","link":"https:\/\/www.filmmisiones.iaavim.gob.ar\/?page_id=2160","title":{"rendered":"Sobre nosotros"},"content":{"rendered":"<div class=\"wpb-content-wrapper\"><p>[vc_row full_width=\u00bbstretch_row_content_no_spaces\u00bb][vc_column][chase_heading overlay=\u00bbyes\u00bb title=\u00bbSobre nosotros\u00bb image=\u00bb2125&#8243;][\/vc_column][\/vc_row][vc_row][vc_column][chase_text]<span style=\"color: #000000;\">Misiones cuenta con importantes atractivos naturales e hist\u00f3ricos que la vuelven \u00fanica a la hora de filmar.<\/span><\/p>\n<p><span style=\"color: #000000;\">Los principales objetivos de la Comisi\u00f3n de Filmaciones del Instituto de Artes Audiovisuales de Misiones (IAAviM) son apoyar, asistir y orientar los rodajes de obras audiovisuales locales, nacionales e internacionales llevadas a cabo en la provincia.\u00a0Atraer inversiones promoviendo el Destino Misiones como polo audiovisual visibilizando su potencial cinematogr\u00e1fico al mundo.<\/span><\/p>\n<p><span style=\"color: #000000;\">Sus funciones involucran:<\/span><\/p>\n<ul>\n<li><span style=\"color: #000000;\">Asistir a jefes de locaciones gestionando los permisos de filmaci\u00f3n<\/span><\/li>\n<li><span style=\"color: #000000;\">Proporcionar el directorio actualizado de profesionales t\u00e9cnicos y art\u00edsticos<\/span><\/li>\n<li><span style=\"color: #000000;\">Brindar asesoramiento en la adecuada b\u00fasqueda de locaciones<\/span><\/li>\n<li><span style=\"color: #000000;\">Suministrar base de datos con servicios\/empresas vinculados a la industria audiovisual y otros que resultan de las necesidades al llevar a cabo una producci\u00f3n cinematogr\u00e1fica<\/span><\/li>\n<\/ul>\n<p><span style=\"color: #000000;\">A trav\u00e9s de estas herramientas Misiones busca:<\/span><\/p>\n<ul>\n<li><span style=\"color: #000000;\">Posicionar el singular y vers\u00e1til territorio provincial como\u00a0 locaci\u00f3n a nivel global<\/span><\/li>\n<li><span style=\"color: #000000;\">Capitalizar el know-how generado por las experiencias de producciones internacionales<\/span><\/li>\n<li><span style=\"color: #000000;\">Fortalecer la econom\u00eda regional<\/span><\/li>\n<li><span style=\"color: #000000;\">Promover el turismo cinematogr\u00e1fico sustentable<\/span><\/li>\n<li><span style=\"color: #000000;\">Contribuir a formular pol\u00edticas p\u00fablicas para el fomento de la industria audiovisual<\/span><\/li>\n<li><span style=\"color: #000000;\">Propiciar sinergia p\u00fablico-privada<\/span><\/li>\n<\/ul>\n<p>[\/chase_text][\/vc_column][\/vc_row]<\/p>\n<\/div>","protected":false},"excerpt":{"rendered":"<p>[vc_row full_width=\u00bbstretch_row_content_no_spaces\u00bb][vc_column][chase_heading overlay=\u00bbyes\u00bb title=\u00bbSobre nosotros\u00bb image=\u00bb2125&#8243;][\/vc_column][\/vc_row][vc_row][vc_column][chase_text]Misiones cuenta con importantes atractivos naturales e hist\u00f3ricos que la vuelven \u00fanica a la hora de filmar. Los principales objetivos de la Comisi\u00f3n de Filmaciones del Instituto de Artes Audiovisuales de Misiones (IAAviM) son apoyar, asistir y orientar los rodajes de obras audiovisuales locales, nacionales e internacionales llevadas a cabo [&hellip;]<\/p>\n","protected":false},"author":1,"featured_media":0,"parent":0,"menu_order":0,"comment_status":"closed","ping_status":"closed","template":"","meta":{"footnotes":""},"class_list":["post-2160","page","type-page","status-publish","hentry"],"_links":{"self":[{"href":"https:\/\/www.filmmisiones.iaavim.gob.ar\/index.php?rest_route=\/wp\/v2\/pages\/2160","targetHints":{"allow":["GET"]}}],"collection":[{"href":"https:\/\/www.filmmisiones.iaavim.gob.ar\/index.php?rest_route=\/wp\/v2\/pages"}],"about":[{"href":"https:\/\/www.filmmisiones.iaavim.gob.ar\/index.php?rest_route=\/wp\/v2\/types\/page"}],"author":[{"embeddable":true,"href":"https:\/\/www.filmmisiones.iaavim.gob.ar\/index.php?rest_route=\/wp\/v2\/users\/1"}],"replies":[{"embeddable":true,"href":"https:\/\/www.filmmisiones.iaavim.gob.ar\/index.php?rest_route=%2Fwp%2Fv2%2Fcomments&post=2160"}],"version-history":[{"count":11,"href":"https:\/\/www.filmmisiones.iaavim.gob.ar\/index.php?rest_route=\/wp\/v2\/pages\/2160\/revisions"}],"predecessor-version":[{"id":2903,"href":"https:\/\/www.filmmisiones.iaavim.gob.ar\/index.php?rest_route=\/wp\/v2\/pages\/2160\/revisions\/2903"}],"wp:attachment":[{"href":"https:\/\/www.filmmisiones.iaavim.gob.ar\/index.php?rest_route=%2Fwp%2Fv2%2Fmedia&parent=2160"}],"curies":[{"name":"wp","href":"https:\/\/api.w.org\/{rel}","templated":true}]}}