{"id":123,"date":"2016-11-09T11:11:29","date_gmt":"2016-11-09T11:11:29","guid":{"rendered":"http:\/\/viewdemo.co\/constructionexwp\/?page_id=123"},"modified":"2025-12-17T09:52:18","modified_gmt":"2025-12-17T12:52:18","slug":"main","status":"publish","type":"page","link":"https:\/\/www.filmmisiones.iaavim.gob.ar\/","title":{"rendered":"Main"},"content":{"rendered":"<div class=\"wpb-content-wrapper\"><p>[vc_row full_width=\u00bbstretch_row_content_no_spaces\u00bb][vc_column][chase_slider][chase_slider_item background=\u00bbvideo\u00bb icon_type=\u00bbcon_icon\u00bb con_icon=\u00bbicon-ic-77&#8243; fbutton_show=\u00bbshow\u00bb fb_arrow=\u00bbshow\u00bb title=\u00bbViva la experiencia de filmar en Misiones\u00bb text=\u00bbLugares magn\u00edficos por descubrir\u00bb ntitle=\u00bbMisiones\u00bb stitle=\u00bbDestino inigualable\u00bb fbutton=\u00bburl:https%3A%2F%2Fyoutu.be%2FAmJ5y3IiGiM|title:Ver%20video\u00bb fbt_color=\u00bb#ffffff\u00bb bg_color=\u00bbrgba(0,0,0,0.4)\u00bb video=\u00bbAmJ5y3IiGiM\u00bb][chase_slider_item background=\u00bbvideo\u00bb fbutton_show=\u00bbshow\u00bb fb_arrow=\u00bbshow\u00bb text=\u00bbEn cada rinc\u00f3n de Misiones\u00bb ntitle=\u00bbCataratas\u00bb stitle=\u00bbIguaz\u00fa Misiones\u00bb fbutton=\u00bburl:https%3A%2F%2Fwww.youtube.com%2Fwatch%3Fv%3DVrohG6Fk7_A|title:Ver%20video|target:_blank\u00bb fbt_color=\u00bb#ffffff\u00bb bg_color=\u00bbrgba(0,0,0,0.4)\u00bb ficon=\u00bbfas fa-chevron-circle-right\u00bb video=\u00bbVrohG6Fk7_A\u00bb][chase_slider_item fbutton_show=\u00bbshow\u00bb fb_arrow=\u00bbshow\u00bb title=\u00bbHermosos saltos\u00bb text=\u00bbEncantadores lugares destacados\u00bb ntitle=\u00bbSalto Encantado\u00bb stitle=\u00bbCaingu\u00e1s Misiones\u00bb image=\u00bb2095&#8243; fbutton=\u00bburl:%23|title:Ver%20video\u00bb fbt_color=\u00bb#ffffff\u00bb bg_color=\u00bbrgba(0,0,0,0.4)\u00bb ficon=\u00bbfas fa-chevron-circle-right\u00bb][chase_slider_item fbutton_show=\u00bbshow\u00bb fb_arrow=\u00bbshow\u00bb title=\u00bbLocaciones inigualables\u00bb text=\u00bbLugares escondidos con magia particular\u00bb ntitle=\u00bbCine\u00bb stitle=\u00bbMisionero\u00bb image=\u00bb2119&#8243; fbutton=\u00bburl:%23|title:Ver%20video\u00bb fbt_color=\u00bb#ffffff\u00bb bg_color=\u00bbrgba(0,0,0,0.4)\u00bb ficon=\u00bbfas fa-chevron-circle-right\u00bb][\/chase_slider][\/vc_column][\/vc_row][vc_row][vc_column][vc_empty_space][\/vc_column][\/vc_row][vc_row gap=\u00bb15&#8243;][vc_column width=\u00bb2\/3&#8243;][vc_single_image image=\u00bb2125&#8243; img_size=\u00bbfull\u00bb alignment=\u00bbcenter\u00bb][chase_text]<\/p>\n<p style=\"text-align: justify;\"><img loading=\"lazy\" decoding=\"async\" class=\" wp-image-2109 alignleft\" src=\"https:\/\/sdanielgf.ar\/lab\/iaavim\/wp-content\/uploads\/2024\/02\/misiones.jpg\" alt=\"\" width=\"142\" height=\"142\" srcset=\"https:\/\/www.filmmisiones.iaavim.gob.ar\/wp-content\/uploads\/2024\/02\/misiones.jpg 300w, https:\/\/www.filmmisiones.iaavim.gob.ar\/wp-content\/uploads\/2024\/02\/misiones-150x150.jpg 150w, https:\/\/www.filmmisiones.iaavim.gob.ar\/wp-content\/uploads\/2024\/02\/misiones-90x90.jpg 90w\" sizes=\"auto, (max-width: 142px) 100vw, 142px\" \/><span style=\"color: #000000;\">La provincia se encuentra rodeada por cinco r\u00edos, de los cuales tres son de gran importancia: el\u00a0Paran\u00e1, el Uruguay y el Iguaz\u00fa, natural desag\u00fce de grandes regiones con lluvias abundantes. Los otros dos son el San Antonio y el Pepir\u00ed Guaz\u00fa. En ellos desembocan no menos de ochocientos cursos permanentes de agua, de los cuales doscientos setenta fluyen hacia el Paran\u00e1 y el arroyo Itaemb\u00e9, ciento veinte hacia los r\u00edos Iguaz\u00fa y San Antonio, y los restantes hacia los r\u00edos Uruguay y Pepir\u00ed Guaz\u00fa.<\/span><\/p>\n<p>[\/chase_text][\/vc_column][vc_column width=\u00bb1\/3&#8243;][vc_single_image image=\u00bb2259&#8243; img_size=\u00bbfull\u00bb alignment=\u00bbcenter\u00bb css=\u00bb\u00bb][chase_text]<\/p>\n<p style=\"text-align: justify;\"><span style=\"color: #000000;\">Est\u00e1n formadas por 275 saltos; el 80\u00a0% de ellos se ubican del lado argentino. Un espect\u00e1culo aparte es su salto de mayor caudal y, con 80\u00a0m, tambi\u00e9n el m\u00e1s alto, la\u00a0Garganta del Diablo, el cual se puede disfrutar en toda su majestuosidad desde solo 50\u00a0m, recorriendo las pasarelas que parten desde Puerto Canoas, al que se llega utilizando el servicio de\u00a0trenes ecol\u00f3gicos.<\/span><\/p>\n<p>[\/chase_text][\/vc_column][\/vc_row]<\/p>\n<\/div>","protected":false},"excerpt":{"rendered":"<p>[vc_row full_width=\u00bbstretch_row_content_no_spaces\u00bb][vc_column][chase_slider][chase_slider_item background=\u00bbvideo\u00bb icon_type=\u00bbcon_icon\u00bb con_icon=\u00bbicon-ic-77&#8243; fbutton_show=\u00bbshow\u00bb fb_arrow=\u00bbshow\u00bb title=\u00bbViva la experiencia de filmar en Misiones\u00bb text=\u00bbLugares magn\u00edficos por descubrir\u00bb ntitle=\u00bbMisiones\u00bb stitle=\u00bbDestino inigualable\u00bb fbutton=\u00bburl:https%3A%2F%2Fyoutu.be%2FAmJ5y3IiGiM|title:Ver%20video\u00bb fbt_color=\u00bb#ffffff\u00bb bg_color=\u00bbrgba(0,0,0,0.4)\u00bb video=\u00bbAmJ5y3IiGiM\u00bb][chase_slider_item background=\u00bbvideo\u00bb fbutton_show=\u00bbshow\u00bb fb_arrow=\u00bbshow\u00bb text=\u00bbEn cada rinc\u00f3n de Misiones\u00bb ntitle=\u00bbCataratas\u00bb stitle=\u00bbIguaz\u00fa Misiones\u00bb fbutton=\u00bburl:https%3A%2F%2Fwww.youtube.com%2Fwatch%3Fv%3DVrohG6Fk7_A|title:Ver%20video|target:_blank\u00bb fbt_color=\u00bb#ffffff\u00bb bg_color=\u00bbrgba(0,0,0,0.4)\u00bb ficon=\u00bbfas fa-chevron-circle-right\u00bb video=\u00bbVrohG6Fk7_A\u00bb][chase_slider_item fbutton_show=\u00bbshow\u00bb fb_arrow=\u00bbshow\u00bb title=\u00bbHermosos saltos\u00bb text=\u00bbEncantadores lugares destacados\u00bb ntitle=\u00bbSalto Encantado\u00bb stitle=\u00bbCaingu\u00e1s Misiones\u00bb image=\u00bb2095&#8243; fbutton=\u00bburl:%23|title:Ver%20video\u00bb [&hellip;]<\/p>\n","protected":false},"author":1,"featured_media":0,"parent":0,"menu_order":0,"comment_status":"closed","ping_status":"closed","template":"","meta":{"footnotes":""},"class_list":["post-123","page","type-page","status-publish","hentry"],"_links":{"self":[{"href":"https:\/\/www.filmmisiones.iaavim.gob.ar\/index.php?rest_route=\/wp\/v2\/pages\/123","targetHints":{"allow":["GET"]}}],"collection":[{"href":"https:\/\/www.filmmisiones.iaavim.gob.ar\/index.php?rest_route=\/wp\/v2\/pages"}],"about":[{"href":"https:\/\/www.filmmisiones.iaavim.gob.ar\/index.php?rest_route=\/wp\/v2\/types\/page"}],"author":[{"embeddable":true,"href":"https:\/\/www.filmmisiones.iaavim.gob.ar\/index.php?rest_route=\/wp\/v2\/users\/1"}],"replies":[{"embeddable":true,"href":"https:\/\/www.filmmisiones.iaavim.gob.ar\/index.php?rest_route=%2Fwp%2Fv2%2Fcomments&post=123"}],"version-history":[{"count":58,"href":"https:\/\/www.filmmisiones.iaavim.gob.ar\/index.php?rest_route=\/wp\/v2\/pages\/123\/revisions"}],"predecessor-version":[{"id":4398,"href":"https:\/\/www.filmmisiones.iaavim.gob.ar\/index.php?rest_route=\/wp\/v2\/pages\/123\/revisions\/4398"}],"wp:attachment":[{"href":"https:\/\/www.filmmisiones.iaavim.gob.ar\/index.php?rest_route=%2Fwp%2Fv2%2Fmedia&parent=123"}],"curies":[{"name":"wp","href":"https:\/\/api.w.org\/{rel}","templated":true}]}}